{"id":2495,"date":"2023-05-05T15:20:12","date_gmt":"2023-05-05T15:20:12","guid":{"rendered":"http:\/\/test.betarom-fastening.ro\/?post_type=product&#038;p=2495"},"modified":"2024-08-06T16:22:38","modified_gmt":"2024-08-06T16:22:38","slug":"pistolet-do-kleju-bea-351","status":"publish","type":"product","link":"https:\/\/betarom-fastening.ro\/pl\/produkt\/pistolet-do-kleju-bea-351\/","title":{"rendered":"Pistolet do kleju BeA 351"},"content":{"rendered":"","protected":false},"excerpt":{"rendered":"Przemys\u0142owy pistolet klejowy do nanoszenia natryskowego \u015bcie\u017cki Spray &#8211; spirala kleju (jak paj\u0119czyna) o regulowanej szeroko\u015bci","protected":false},"featured_media":2503,"comment_status":"open","ping_status":"closed","template":"","meta":{"inline_featured_image":false},"product_brand":[],"product_cat":[411],"product_tag":[],"branze":[],"class_list":{"0":"post-2495","1":"product","2":"type-product","3":"status-publish","4":"has-post-thumbnail","6":"product_cat-pistolety-do-wkladow-o43-mm","8":"first","9":"instock","10":"shipping-taxable","11":"product-type-simple"},"acf":[],"_links":{"self":[{"href":"https:\/\/betarom-fastening.ro\/pl\/wp-json\/wp\/v2\/product\/2495","targetHints":{"allow":["GET"]}}],"collection":[{"href":"https:\/\/betarom-fastening.ro\/pl\/wp-json\/wp\/v2\/product"}],"about":[{"href":"https:\/\/betarom-fastening.ro\/pl\/wp-json\/wp\/v2\/types\/product"}],"replies":[{"embeddable":true,"href":"https:\/\/betarom-fastening.ro\/pl\/wp-json\/wp\/v2\/comments?post=2495"}],"wp:featuredmedia":[{"embeddable":true,"href":"https:\/\/betarom-fastening.ro\/pl\/wp-json\/wp\/v2\/media\/2503"}],"wp:attachment":[{"href":"https:\/\/betarom-fastening.ro\/pl\/wp-json\/wp\/v2\/media?parent=2495"}],"wp:term":[{"taxonomy":"product_brand","embeddable":true,"href":"https:\/\/betarom-fastening.ro\/pl\/wp-json\/wp\/v2\/product_brand?post=2495"},{"taxonomy":"product_cat","embeddable":true,"href":"https:\/\/betarom-fastening.ro\/pl\/wp-json\/wp\/v2\/product_cat?post=2495"},{"taxonomy":"product_tag","embeddable":true,"href":"https:\/\/betarom-fastening.ro\/pl\/wp-json\/wp\/v2\/product_tag?post=2495"},{"taxonomy":"branze","embeddable":true,"href":"https:\/\/betarom-fastening.ro\/pl\/wp-json\/wp\/v2\/branze?post=2495"}],"curies":[{"name":"wp","href":"https:\/\/api.w.org\/{rel}","templated":true}]}}