{"id":2488,"date":"2023-05-05T15:03:40","date_gmt":"2023-05-05T15:03:40","guid":{"rendered":"http:\/\/test.betarom-fastening.ro\/?post_type=product&#038;p=2488"},"modified":"2026-03-02T13:43:05","modified_gmt":"2026-03-02T13:43:05","slug":"pistolet-do-kleju-bea-315","status":"publish","type":"product","link":"https:\/\/betarom-fastening.ro\/pl\/produkt\/pistolet-do-kleju-bea-315\/","title":{"rendered":"Pistolet do kleju BeA 316"},"content":{"rendered":"","protected":false},"excerpt":{"rendered":"Przemys\u0142owy, wysokiej klasy, pistolet do klej\u00f3w topliwych \u2013 wk\u0142ady 43 mm.\r\n\r\nPolecany do d\u0142ugotrwa\u0142ej pracy i dozowaniu wi\u0119kszych ilo\u015bci kleju, podawanie mechaniczne\/r\u0119czne bez wspomagania si\u0142ownikiem pneumatycznym.\r\n\r\nZamykanie opakowa\u0144 tekturowych, wiele r\u00f3\u017cnych prac monta\u017cowych w wielu ga\u0142\u0119ziach przemys\u0142u a tak\u017ce budownictwie i wystawiennictwie. BeA 316 posiada wymienne modu\u0142y sterowania temperatur\u0105 w celu ustawienia optymalnych parametr\u00f3w lepko\u015bci dla danej aplikacji przy stosowaniu r\u00f3\u017cnych typ\u00f3w kleju.","protected":false},"featured_media":158289,"comment_status":"open","ping_status":"closed","template":"","meta":{"inline_featured_image":false},"product_brand":[],"product_cat":[411],"product_tag":[],"branze":[],"class_list":{"0":"post-2488","1":"product","2":"type-product","3":"status-publish","4":"has-post-thumbnail","6":"product_cat-pistolety-do-wkladow-o43-mm","8":"first","9":"instock","10":"shipping-taxable","11":"product-type-simple"},"acf":[],"_links":{"self":[{"href":"https:\/\/betarom-fastening.ro\/pl\/wp-json\/wp\/v2\/product\/2488","targetHints":{"allow":["GET"]}}],"collection":[{"href":"https:\/\/betarom-fastening.ro\/pl\/wp-json\/wp\/v2\/product"}],"about":[{"href":"https:\/\/betarom-fastening.ro\/pl\/wp-json\/wp\/v2\/types\/product"}],"replies":[{"embeddable":true,"href":"https:\/\/betarom-fastening.ro\/pl\/wp-json\/wp\/v2\/comments?post=2488"}],"wp:featuredmedia":[{"embeddable":true,"href":"https:\/\/betarom-fastening.ro\/pl\/wp-json\/wp\/v2\/media\/158289"}],"wp:attachment":[{"href":"https:\/\/betarom-fastening.ro\/pl\/wp-json\/wp\/v2\/media?parent=2488"}],"wp:term":[{"taxonomy":"product_brand","embeddable":true,"href":"https:\/\/betarom-fastening.ro\/pl\/wp-json\/wp\/v2\/product_brand?post=2488"},{"taxonomy":"product_cat","embeddable":true,"href":"https:\/\/betarom-fastening.ro\/pl\/wp-json\/wp\/v2\/product_cat?post=2488"},{"taxonomy":"product_tag","embeddable":true,"href":"https:\/\/betarom-fastening.ro\/pl\/wp-json\/wp\/v2\/product_tag?post=2488"},{"taxonomy":"branze","embeddable":true,"href":"https:\/\/betarom-fastening.ro\/pl\/wp-json\/wp\/v2\/branze?post=2488"}],"curies":[{"name":"wp","href":"https:\/\/api.w.org\/{rel}","templated":true}]}}