{"id":2442,"date":"2023-05-05T11:00:42","date_gmt":"2023-05-05T11:00:42","guid":{"rendered":"http:\/\/test.betarom-fastening.ro\/?post_type=product&#038;p=2442"},"modified":"2025-12-04T15:21:54","modified_gmt":"2025-12-04T15:21:54","slug":"klej-termotopliwy-hm-240-kolor","status":"publish","type":"product","link":"https:\/\/betarom-fastening.ro\/pl\/produkt\/klej-termotopliwy-hm-240-kolor\/","title":{"rendered":"Klej termotopliwy HM 240 \/ kolor"},"content":{"rendered":"","protected":false},"excerpt":{"rendered":"Bezbarwny, przezroczysty, EVA, szybkowi\u0105\u017c\u0105cy, du\u017ca lepko\u015b\u0107\r\n\r\nDost\u0119pne kolory:\r\nbia\u0142y, \u017c\u00f3\u0142ty, pomara\u0144czowy, czerwony, ciemno zielony, jasno zielony, granatowy, czarny, z\u0142oty, srebny\r\n\r\n<a style=\"color: #ed2737;\" href=\"http:\/\/test.betarom-fastening.ro\/wp-content\/uploads\/2023\/05\/HM240-12kolor_infoPL_08-13e.pdf\" target=\"_blank\" rel=\"noopener\">zobacz kolory &gt;&gt;&gt;<\/a>\r\n\r\nPodstawowe zastosowania:\r\nUpominki i r\u0119kodzie\u0142o, Monta\u017c, Florystyka, R\u0119kodzie\u0142o, Elektronika","protected":false},"featured_media":0,"comment_status":"open","ping_status":"closed","template":"","meta":{"inline_featured_image":false},"product_brand":[],"product_cat":[52],"product_tag":[],"branze":[],"class_list":{"0":"post-2442","1":"product","2":"type-product","3":"status-publish","5":"product_cat-kleje_termotopliwe_i_pistolety","7":"first","8":"instock","9":"shipping-taxable","10":"product-type-simple"},"acf":[],"_links":{"self":[{"href":"https:\/\/betarom-fastening.ro\/pl\/wp-json\/wp\/v2\/product\/2442","targetHints":{"allow":["GET"]}}],"collection":[{"href":"https:\/\/betarom-fastening.ro\/pl\/wp-json\/wp\/v2\/product"}],"about":[{"href":"https:\/\/betarom-fastening.ro\/pl\/wp-json\/wp\/v2\/types\/product"}],"replies":[{"embeddable":true,"href":"https:\/\/betarom-fastening.ro\/pl\/wp-json\/wp\/v2\/comments?post=2442"}],"wp:attachment":[{"href":"https:\/\/betarom-fastening.ro\/pl\/wp-json\/wp\/v2\/media?parent=2442"}],"wp:term":[{"taxonomy":"product_brand","embeddable":true,"href":"https:\/\/betarom-fastening.ro\/pl\/wp-json\/wp\/v2\/product_brand?post=2442"},{"taxonomy":"product_cat","embeddable":true,"href":"https:\/\/betarom-fastening.ro\/pl\/wp-json\/wp\/v2\/product_cat?post=2442"},{"taxonomy":"product_tag","embeddable":true,"href":"https:\/\/betarom-fastening.ro\/pl\/wp-json\/wp\/v2\/product_tag?post=2442"},{"taxonomy":"branze","embeddable":true,"href":"https:\/\/betarom-fastening.ro\/pl\/wp-json\/wp\/v2\/branze?post=2442"}],"curies":[{"name":"wp","href":"https:\/\/api.w.org\/{rel}","templated":true}]}}