{"id":2199,"date":"2023-04-27T17:12:42","date_gmt":"2023-04-27T17:12:42","guid":{"rendered":"https:\/\/test.bizea.com.pl\/\/?post_type=product&#038;p=2199"},"modified":"2023-04-27T17:14:31","modified_gmt":"2023-04-27T17:14:31","slug":"pistolet-walther-pilot-iiik","status":"publish","type":"product","link":"https:\/\/betarom-fastening.ro\/pl\/produkt\/pistolet-walther-pilot-iiik\/","title":{"rendered":"Pistolet Walther-Pilot IIIK"},"content":{"rendered":"","protected":false},"excerpt":{"rendered":"Profesjonalny pistolet natryskowy, wyposa\u017cony w tzw. \u201ewiruj\u0105c\u0105 dysz\u0119\u201d, czyli specjalnie ukszta\u0142towane kana\u0142y dolotowe powietrza.\r\n\r\nPistolet III K, posiada wieloletnie najwy\u017csze uznanie w\u015br\u00f3d tapicer\u00f3w, najcz\u0119\u015bciej rekomendowany do nanoszenia rozpuszczalnikowych klej\u00f3w tapicerskich, w tym klej\u00f3w \u201cHigh-Solid\u201d o najwy\u017cszej zawarto\u015bci cia\u0142 sta\u0142ych.\r\n\r\nPistolet Pilot-IIIK mo\u017ce pracowa\u0107 zasilany z pompy, zbiornik\u00f3w ci\u015bnieniowych oraz po prostym przezbrojeniu z kubk\u00f3w grawitacyjnych.\r\nPraca pistoletu przedstawiona na filmie, aby zobaczy\u0107 film kliknij na ikon\u0119 poni\u017cej.","protected":false},"featured_media":2200,"comment_status":"open","ping_status":"closed","template":"","meta":{"inline_featured_image":false},"product_brand":[],"product_cat":[351],"product_tag":[],"branze":[],"class_list":{"0":"post-2199","1":"product","2":"type-product","3":"status-publish","4":"has-post-thumbnail","6":"product_cat-pistolety-natryskowe-walther-pilot-do-klejow-tapicerskich","8":"first","9":"instock","10":"shipping-taxable","11":"product-type-simple"},"acf":[],"_links":{"self":[{"href":"https:\/\/betarom-fastening.ro\/pl\/wp-json\/wp\/v2\/product\/2199","targetHints":{"allow":["GET"]}}],"collection":[{"href":"https:\/\/betarom-fastening.ro\/pl\/wp-json\/wp\/v2\/product"}],"about":[{"href":"https:\/\/betarom-fastening.ro\/pl\/wp-json\/wp\/v2\/types\/product"}],"replies":[{"embeddable":true,"href":"https:\/\/betarom-fastening.ro\/pl\/wp-json\/wp\/v2\/comments?post=2199"}],"wp:featuredmedia":[{"embeddable":true,"href":"https:\/\/betarom-fastening.ro\/pl\/wp-json\/wp\/v2\/media\/2200"}],"wp:attachment":[{"href":"https:\/\/betarom-fastening.ro\/pl\/wp-json\/wp\/v2\/media?parent=2199"}],"wp:term":[{"taxonomy":"product_brand","embeddable":true,"href":"https:\/\/betarom-fastening.ro\/pl\/wp-json\/wp\/v2\/product_brand?post=2199"},{"taxonomy":"product_cat","embeddable":true,"href":"https:\/\/betarom-fastening.ro\/pl\/wp-json\/wp\/v2\/product_cat?post=2199"},{"taxonomy":"product_tag","embeddable":true,"href":"https:\/\/betarom-fastening.ro\/pl\/wp-json\/wp\/v2\/product_tag?post=2199"},{"taxonomy":"branze","embeddable":true,"href":"https:\/\/betarom-fastening.ro\/pl\/wp-json\/wp\/v2\/branze?post=2199"}],"curies":[{"name":"wp","href":"https:\/\/api.w.org\/{rel}","templated":true}]}}