{"id":2154,"date":"2023-04-27T12:40:56","date_gmt":"2023-04-27T12:40:56","guid":{"rendered":"https:\/\/test.bizea.com.pl\/\/?post_type=product&#038;p=2154"},"modified":"2023-08-28T16:33:51","modified_gmt":"2023-08-28T16:33:51","slug":"uniwersalne-stoly-do-recznego-zbijania-palet","status":"publish","type":"product","link":"https:\/\/betarom-fastening.ro\/pl\/produkt\/uniwersalne-stoly-do-recznego-zbijania-palet\/","title":{"rendered":"Uniwersalne sto\u0142y do r\u0119cznego zbijania palet"},"content":{"rendered":"","protected":false},"excerpt":{"rendered":"Stanowisko obs\u0142ugiwane przez jednego pracownika.\r\nSzybkie przestawianie z wymiaru na wymiar.\r\n\r\nPneumatyczne zaciskanie wspornik\u00f3w.\r\nPneumatyczne wypychanie po zbiciu wierzchu.\r\nRama z w\u00f3zkami do podwieszenia gwo\u017adziarek na balanserach.","protected":false},"featured_media":2155,"comment_status":"open","ping_status":"closed","template":"","meta":{"inline_featured_image":false},"product_brand":[],"product_cat":[53],"product_tag":[],"branze":[],"class_list":{"0":"post-2154","1":"product","2":"type-product","3":"status-publish","4":"has-post-thumbnail","6":"product_cat-stoly_tapicerskie_i_paletowe","8":"first","9":"instock","10":"shipping-taxable","11":"product-type-simple"},"acf":[],"_links":{"self":[{"href":"https:\/\/betarom-fastening.ro\/pl\/wp-json\/wp\/v2\/product\/2154","targetHints":{"allow":["GET"]}}],"collection":[{"href":"https:\/\/betarom-fastening.ro\/pl\/wp-json\/wp\/v2\/product"}],"about":[{"href":"https:\/\/betarom-fastening.ro\/pl\/wp-json\/wp\/v2\/types\/product"}],"replies":[{"embeddable":true,"href":"https:\/\/betarom-fastening.ro\/pl\/wp-json\/wp\/v2\/comments?post=2154"}],"wp:featuredmedia":[{"embeddable":true,"href":"https:\/\/betarom-fastening.ro\/pl\/wp-json\/wp\/v2\/media\/2155"}],"wp:attachment":[{"href":"https:\/\/betarom-fastening.ro\/pl\/wp-json\/wp\/v2\/media?parent=2154"}],"wp:term":[{"taxonomy":"product_brand","embeddable":true,"href":"https:\/\/betarom-fastening.ro\/pl\/wp-json\/wp\/v2\/product_brand?post=2154"},{"taxonomy":"product_cat","embeddable":true,"href":"https:\/\/betarom-fastening.ro\/pl\/wp-json\/wp\/v2\/product_cat?post=2154"},{"taxonomy":"product_tag","embeddable":true,"href":"https:\/\/betarom-fastening.ro\/pl\/wp-json\/wp\/v2\/product_tag?post=2154"},{"taxonomy":"branze","embeddable":true,"href":"https:\/\/betarom-fastening.ro\/pl\/wp-json\/wp\/v2\/branze?post=2154"}],"curies":[{"name":"wp","href":"https:\/\/api.w.org\/{rel}","templated":true}]}}