{"id":2087,"date":"2023-04-27T09:27:01","date_gmt":"2023-04-27T09:27:01","guid":{"rendered":"https:\/\/test.bizea.com.pl\/\/?post_type=product&#038;p=2087"},"modified":"2023-05-22T18:01:21","modified_gmt":"2023-05-22T18:01:21","slug":"spinki-tulejki-st","status":"publish","type":"product","link":"https:\/\/betarom-fastening.ro\/pl\/produkt\/spinki-tulejki-st\/","title":{"rendered":"Spinki \u2013 Tulejki ST"},"content":{"rendered":"","protected":false},"excerpt":{"rendered":"Spinki tulejki ST zaci\u015bni\u0119te wok\u00f3\u0142 dw\u00f3ch drut\u00f3w pneumatycznym narz\u0119dziem tworz\u0105 mocne trwa\u0142e po\u0142\u0105cznie w postaci tulejki.\r\n\r\nPowszechnie stosowane do po\u0142\u0105cze\u0144 drut\u00f3w i spr\u0119\u017cyn w produkcji mebli tapicerowanych i materacy.\r\n\r\nStosowane r\u00f3wnie\u017c do po\u0142\u0105cze\u0144 klatek dla zwierz\u0105t, gabion\u00f3w, ogrodze\u0144 rolniczych i le\u015bnych oraz po\u0142\u0105cze\u0144 drut\u00f3w ostrzowych w ogrodzeniach specjalnych \u2013 wi\u0119zienia, obiekty wojskowe, kolejowe.","protected":false},"featured_media":2088,"comment_status":"open","ping_status":"closed","template":"","meta":{"inline_featured_image":false},"product_brand":[],"product_cat":[45],"product_tag":[],"branze":[],"class_list":{"0":"post-2087","1":"product","2":"type-product","3":"status-publish","4":"has-post-thumbnail","6":"product_cat-zlacza_specjalne","8":"first","9":"instock","10":"shipping-taxable","11":"product-type-simple"},"acf":[],"_links":{"self":[{"href":"https:\/\/betarom-fastening.ro\/pl\/wp-json\/wp\/v2\/product\/2087","targetHints":{"allow":["GET"]}}],"collection":[{"href":"https:\/\/betarom-fastening.ro\/pl\/wp-json\/wp\/v2\/product"}],"about":[{"href":"https:\/\/betarom-fastening.ro\/pl\/wp-json\/wp\/v2\/types\/product"}],"replies":[{"embeddable":true,"href":"https:\/\/betarom-fastening.ro\/pl\/wp-json\/wp\/v2\/comments?post=2087"}],"wp:featuredmedia":[{"embeddable":true,"href":"https:\/\/betarom-fastening.ro\/pl\/wp-json\/wp\/v2\/media\/2088"}],"wp:attachment":[{"href":"https:\/\/betarom-fastening.ro\/pl\/wp-json\/wp\/v2\/media?parent=2087"}],"wp:term":[{"taxonomy":"product_brand","embeddable":true,"href":"https:\/\/betarom-fastening.ro\/pl\/wp-json\/wp\/v2\/product_brand?post=2087"},{"taxonomy":"product_cat","embeddable":true,"href":"https:\/\/betarom-fastening.ro\/pl\/wp-json\/wp\/v2\/product_cat?post=2087"},{"taxonomy":"product_tag","embeddable":true,"href":"https:\/\/betarom-fastening.ro\/pl\/wp-json\/wp\/v2\/product_tag?post=2087"},{"taxonomy":"branze","embeddable":true,"href":"https:\/\/betarom-fastening.ro\/pl\/wp-json\/wp\/v2\/branze?post=2087"}],"curies":[{"name":"wp","href":"https:\/\/api.w.org\/{rel}","templated":true}]}}