{"id":1621,"date":"2023-04-25T19:02:13","date_gmt":"2023-04-25T19:02:13","guid":{"rendered":"http:\/\/test.bizea.com.pl\/\/\/\/\/?post_type=product&#038;p=1621"},"modified":"2024-06-21T11:23:18","modified_gmt":"2024-06-21T11:23:18","slug":"spinki-c-ring-typ-cl9x15","status":"publish","type":"product","link":"https:\/\/betarom-fastening.ro\/pl\/produkt\/spinki-c-ring-typ-cl9x15\/","title":{"rendered":"Spinki C-ring typ CL9x1,5"},"content":{"rendered":"","protected":false},"excerpt":{"rendered":"Spinki przeznaczone do po\u0142\u0105cze\u0144 spr\u0119\u017cyn oraz tkanin do spr\u0119\u017cyn w produkcji mebli tapicerowanych i materacy. Znakomicie nadaj\u0105 si\u0119 do zamykania work\u00f3w i innych aplikacji zwi\u0105zanych z pakowaniem. Tworz\u0105 bardzo ma\u0142e k\u00f3\u0142ka wykorzystywane do zaciskania, \u0142\u0105czenia linek i sznur\u00f3w.","protected":false},"featured_media":5352,"comment_status":"open","ping_status":"closed","template":"","meta":{"inline_featured_image":false},"product_brand":[],"product_cat":[42],"product_tag":[],"branze":[],"class_list":{"0":"post-1621","1":"product","2":"type-product","3":"status-publish","4":"has-post-thumbnail","6":"product_cat-c_ring","8":"first","9":"instock","10":"shipping-taxable","11":"product-type-simple"},"acf":[],"_links":{"self":[{"href":"https:\/\/betarom-fastening.ro\/pl\/wp-json\/wp\/v2\/product\/1621","targetHints":{"allow":["GET"]}}],"collection":[{"href":"https:\/\/betarom-fastening.ro\/pl\/wp-json\/wp\/v2\/product"}],"about":[{"href":"https:\/\/betarom-fastening.ro\/pl\/wp-json\/wp\/v2\/types\/product"}],"replies":[{"embeddable":true,"href":"https:\/\/betarom-fastening.ro\/pl\/wp-json\/wp\/v2\/comments?post=1621"}],"wp:featuredmedia":[{"embeddable":true,"href":"https:\/\/betarom-fastening.ro\/pl\/wp-json\/wp\/v2\/media\/5352"}],"wp:attachment":[{"href":"https:\/\/betarom-fastening.ro\/pl\/wp-json\/wp\/v2\/media?parent=1621"}],"wp:term":[{"taxonomy":"product_brand","embeddable":true,"href":"https:\/\/betarom-fastening.ro\/pl\/wp-json\/wp\/v2\/product_brand?post=1621"},{"taxonomy":"product_cat","embeddable":true,"href":"https:\/\/betarom-fastening.ro\/pl\/wp-json\/wp\/v2\/product_cat?post=1621"},{"taxonomy":"product_tag","embeddable":true,"href":"https:\/\/betarom-fastening.ro\/pl\/wp-json\/wp\/v2\/product_tag?post=1621"},{"taxonomy":"branze","embeddable":true,"href":"https:\/\/betarom-fastening.ro\/pl\/wp-json\/wp\/v2\/branze?post=1621"}],"curies":[{"name":"wp","href":"https:\/\/api.w.org\/{rel}","templated":true}]}}