{"id":1619,"date":"2023-04-25T19:02:12","date_gmt":"2023-04-25T19:02:12","guid":{"rendered":"http:\/\/test.bizea.com.pl\/\/\/\/\/?post_type=product&#038;p=1619"},"modified":"2024-06-21T11:22:25","modified_gmt":"2024-06-21T11:22:25","slug":"spinki-c-ring-typ-cl20x16","status":"publish","type":"product","link":"https:\/\/betarom-fastening.ro\/pl\/produkt\/spinki-c-ring-typ-cl20x16\/","title":{"rendered":"Spinki C-ring typ CL20x1,6"},"content":{"rendered":"","protected":false},"excerpt":{"rendered":"Spinki przeznaczone do po\u0142\u0105cze\u0144 spr\u0119\u017cyn oraz tkanin do spr\u0119\u017cyn w produkcji mebli tapicerowanych i materacy. Znakomicie nadaj\u0105 si\u0119 do zamykania work\u00f3w i innych aplikacji zwi\u0105zanych z pakowaniem.\u00a0 Nadaj\u0105 si\u0119 r\u00f3wnie\u017c do po\u0142\u0105cze\u0144 pokrowc\u00f3w z metalowym szkieletem foteli samochodowych.","protected":false},"featured_media":5350,"comment_status":"open","ping_status":"closed","template":"","meta":{"inline_featured_image":false},"product_brand":[],"product_cat":[42],"product_tag":[],"branze":[],"class_list":{"0":"post-1619","1":"product","2":"type-product","3":"status-publish","4":"has-post-thumbnail","6":"product_cat-c_ring","8":"first","9":"instock","10":"shipping-taxable","11":"product-type-simple"},"acf":[],"_links":{"self":[{"href":"https:\/\/betarom-fastening.ro\/pl\/wp-json\/wp\/v2\/product\/1619","targetHints":{"allow":["GET"]}}],"collection":[{"href":"https:\/\/betarom-fastening.ro\/pl\/wp-json\/wp\/v2\/product"}],"about":[{"href":"https:\/\/betarom-fastening.ro\/pl\/wp-json\/wp\/v2\/types\/product"}],"replies":[{"embeddable":true,"href":"https:\/\/betarom-fastening.ro\/pl\/wp-json\/wp\/v2\/comments?post=1619"}],"wp:featuredmedia":[{"embeddable":true,"href":"https:\/\/betarom-fastening.ro\/pl\/wp-json\/wp\/v2\/media\/5350"}],"wp:attachment":[{"href":"https:\/\/betarom-fastening.ro\/pl\/wp-json\/wp\/v2\/media?parent=1619"}],"wp:term":[{"taxonomy":"product_brand","embeddable":true,"href":"https:\/\/betarom-fastening.ro\/pl\/wp-json\/wp\/v2\/product_brand?post=1619"},{"taxonomy":"product_cat","embeddable":true,"href":"https:\/\/betarom-fastening.ro\/pl\/wp-json\/wp\/v2\/product_cat?post=1619"},{"taxonomy":"product_tag","embeddable":true,"href":"https:\/\/betarom-fastening.ro\/pl\/wp-json\/wp\/v2\/product_tag?post=1619"},{"taxonomy":"branze","embeddable":true,"href":"https:\/\/betarom-fastening.ro\/pl\/wp-json\/wp\/v2\/branze?post=1619"}],"curies":[{"name":"wp","href":"https:\/\/api.w.org\/{rel}","templated":true}]}}