{"id":1595,"date":"2023-04-25T19:01:47","date_gmt":"2023-04-25T19:01:47","guid":{"rendered":"http:\/\/test.bizea.com.pl\/\/\/\/\/?post_type=product&#038;p=1595"},"modified":"2023-04-25T21:32:15","modified_gmt":"2023-04-25T21:32:15","slug":"zszywacz-bea-k33-seria-245-do-klamry-znakowania-palet-epal","status":"publish","type":"product","link":"https:\/\/betarom-fastening.ro\/pl\/produkt\/zszywacz-bea-k33-seria-245-do-klamry-znakowania-palet-epal\/","title":{"rendered":"Zszywacz BeA K33 seria 245 do klamry znakowania palet EPAL"},"content":{"rendered":"","protected":false},"excerpt":{"rendered":"Do monta\u017cu na zautomatyzowanych liniach do produkcji palet EPAL.\r\n\r\nPionowy d\u0142ugi magazynek mie\u015bci 7 pakiet\u00f3w zszywek EPAL, mo\u017ce by\u0107 \u0142adowany podczas pracy maszyny.\r\n\r\nOferujemy kompletne rozwi\u0105zanie z mocowaniem i sterowaniem zintegrowanym z automatyk\u0105 linii.","protected":false},"featured_media":0,"comment_status":"open","ping_status":"closed","template":"","meta":{"inline_featured_image":false},"product_brand":[],"product_cat":[23],"product_tag":[],"branze":[],"class_list":{"0":"post-1595","1":"product","2":"type-product","3":"status-publish","5":"product_cat-uncategorized","7":"first","8":"instock","9":"shipping-taxable","10":"product-type-simple"},"acf":[],"_links":{"self":[{"href":"https:\/\/betarom-fastening.ro\/pl\/wp-json\/wp\/v2\/product\/1595","targetHints":{"allow":["GET"]}}],"collection":[{"href":"https:\/\/betarom-fastening.ro\/pl\/wp-json\/wp\/v2\/product"}],"about":[{"href":"https:\/\/betarom-fastening.ro\/pl\/wp-json\/wp\/v2\/types\/product"}],"replies":[{"embeddable":true,"href":"https:\/\/betarom-fastening.ro\/pl\/wp-json\/wp\/v2\/comments?post=1595"}],"wp:attachment":[{"href":"https:\/\/betarom-fastening.ro\/pl\/wp-json\/wp\/v2\/media?parent=1595"}],"wp:term":[{"taxonomy":"product_brand","embeddable":true,"href":"https:\/\/betarom-fastening.ro\/pl\/wp-json\/wp\/v2\/product_brand?post=1595"},{"taxonomy":"product_cat","embeddable":true,"href":"https:\/\/betarom-fastening.ro\/pl\/wp-json\/wp\/v2\/product_cat?post=1595"},{"taxonomy":"product_tag","embeddable":true,"href":"https:\/\/betarom-fastening.ro\/pl\/wp-json\/wp\/v2\/product_tag?post=1595"},{"taxonomy":"branze","embeddable":true,"href":"https:\/\/betarom-fastening.ro\/pl\/wp-json\/wp\/v2\/branze?post=1595"}],"curies":[{"name":"wp","href":"https:\/\/api.w.org\/{rel}","templated":true}]}}