{"id":158184,"date":"2026-01-20T16:12:13","date_gmt":"2026-01-20T16:12:13","guid":{"rendered":"https:\/\/betarom-fastening.ro\/?post_type=product&#038;p=158184"},"modified":"2026-01-20T16:12:14","modified_gmt":"2026-01-20T16:12:14","slug":"pas-tapicerski-wersja-strong-2","status":"publish","type":"product","link":"https:\/\/betarom-fastening.ro\/pl\/produkt\/pas-tapicerski-wersja-strong-2\/","title":{"rendered":"Pas tapicerski wersja strong"},"content":{"rendered":"","protected":false},"excerpt":{"rendered":"Pasy siedziskowe BizeA gwarantuj\u0105 komfort u\u017cytkowania oraz d\u0142ug\u0105 \u017cywotno\u015b\u0107 gotowych wyrob\u00f3w","protected":false},"featured_media":158185,"comment_status":"open","ping_status":"closed","template":"","meta":{"inline_featured_image":false},"product_brand":[],"product_cat":[425],"product_tag":[],"branze":[],"class_list":{"0":"post-158184","1":"product","2":"type-product","3":"status-publish","4":"has-post-thumbnail","6":"product_cat-pasy-rozciagliwe-60","8":"first","9":"instock","10":"shipping-taxable","11":"product-type-simple"},"acf":[],"_links":{"self":[{"href":"https:\/\/betarom-fastening.ro\/pl\/wp-json\/wp\/v2\/product\/158184","targetHints":{"allow":["GET"]}}],"collection":[{"href":"https:\/\/betarom-fastening.ro\/pl\/wp-json\/wp\/v2\/product"}],"about":[{"href":"https:\/\/betarom-fastening.ro\/pl\/wp-json\/wp\/v2\/types\/product"}],"replies":[{"embeddable":true,"href":"https:\/\/betarom-fastening.ro\/pl\/wp-json\/wp\/v2\/comments?post=158184"}],"wp:featuredmedia":[{"embeddable":true,"href":"https:\/\/betarom-fastening.ro\/pl\/wp-json\/wp\/v2\/media\/158185"}],"wp:attachment":[{"href":"https:\/\/betarom-fastening.ro\/pl\/wp-json\/wp\/v2\/media?parent=158184"}],"wp:term":[{"taxonomy":"product_brand","embeddable":true,"href":"https:\/\/betarom-fastening.ro\/pl\/wp-json\/wp\/v2\/product_brand?post=158184"},{"taxonomy":"product_cat","embeddable":true,"href":"https:\/\/betarom-fastening.ro\/pl\/wp-json\/wp\/v2\/product_cat?post=158184"},{"taxonomy":"product_tag","embeddable":true,"href":"https:\/\/betarom-fastening.ro\/pl\/wp-json\/wp\/v2\/product_tag?post=158184"},{"taxonomy":"branze","embeddable":true,"href":"https:\/\/betarom-fastening.ro\/pl\/wp-json\/wp\/v2\/branze?post=158184"}],"curies":[{"name":"wp","href":"https:\/\/api.w.org\/{rel}","templated":true}]}}