{"id":1552,"date":"2023-04-25T19:00:52","date_gmt":"2023-04-25T19:00:52","guid":{"rendered":"http:\/\/test.bizea.com.pl\/\/\/\/\/?post_type=product&#038;p=1552"},"modified":"2024-06-21T11:16:33","modified_gmt":"2024-06-21T11:16:33","slug":"gwozdzie-laczone-plastikiem-r20","status":"publish","type":"product","link":"https:\/\/betarom-fastening.ro\/pl\/produkt\/gwozdzie-laczone-plastikiem-r20\/","title":{"rendered":"Gwo\u017adzie \u0142\u0105czone plastikiem \u2013 R20"},"content":{"rendered":"","protected":false},"excerpt":{"rendered":"Gwo\u017adzie po\u0142\u0105czone w p\u0142askie pakiety tworzywem sztucznym do wbijania za pomoc\u0105 narz\u0119dzi pneumatycznych. Magazynek pod k\u0105tem 21 stopni umo\u017cliwia wygodny dost\u0119p do wbijania w naro\u017cnikach konstrukcji szkieletowych. G\u0142\u00f3wnie stosowane w budownictwie i monta\u017cu skrzy\u0144 \u0142adunkowych.","protected":false},"featured_media":5338,"comment_status":"open","ping_status":"closed","template":"","meta":{"inline_featured_image":false},"product_brand":[],"product_cat":[331],"product_tag":[],"branze":[],"class_list":{"0":"post-1552","1":"product","2":"type-product","3":"status-publish","4":"has-post-thumbnail","6":"product_cat-gwozdzie-laczone-plastikiem-r20","8":"first","9":"instock","10":"shipping-taxable","11":"product-type-simple"},"acf":[],"_links":{"self":[{"href":"https:\/\/betarom-fastening.ro\/pl\/wp-json\/wp\/v2\/product\/1552","targetHints":{"allow":["GET"]}}],"collection":[{"href":"https:\/\/betarom-fastening.ro\/pl\/wp-json\/wp\/v2\/product"}],"about":[{"href":"https:\/\/betarom-fastening.ro\/pl\/wp-json\/wp\/v2\/types\/product"}],"replies":[{"embeddable":true,"href":"https:\/\/betarom-fastening.ro\/pl\/wp-json\/wp\/v2\/comments?post=1552"}],"wp:featuredmedia":[{"embeddable":true,"href":"https:\/\/betarom-fastening.ro\/pl\/wp-json\/wp\/v2\/media\/5338"}],"wp:attachment":[{"href":"https:\/\/betarom-fastening.ro\/pl\/wp-json\/wp\/v2\/media?parent=1552"}],"wp:term":[{"taxonomy":"product_brand","embeddable":true,"href":"https:\/\/betarom-fastening.ro\/pl\/wp-json\/wp\/v2\/product_brand?post=1552"},{"taxonomy":"product_cat","embeddable":true,"href":"https:\/\/betarom-fastening.ro\/pl\/wp-json\/wp\/v2\/product_cat?post=1552"},{"taxonomy":"product_tag","embeddable":true,"href":"https:\/\/betarom-fastening.ro\/pl\/wp-json\/wp\/v2\/product_tag?post=1552"},{"taxonomy":"branze","embeddable":true,"href":"https:\/\/betarom-fastening.ro\/pl\/wp-json\/wp\/v2\/branze?post=1552"}],"curies":[{"name":"wp","href":"https:\/\/api.w.org\/{rel}","templated":true}]}}