{"id":1527,"date":"2023-04-25T19:00:26","date_gmt":"2023-04-25T19:00:26","guid":{"rendered":"http:\/\/test.bizea.com.pl\/\/\/\/\/?post_type=product&#038;p=1527"},"modified":"2024-11-14T12:31:22","modified_gmt":"2024-11-14T12:31:22","slug":"sztyfciarka-bizon-s-635-b","status":"publish","type":"product","link":"https:\/\/betarom-fastening.ro\/pl\/produkt\/sztyfciarka-bizon-s-635-b\/","title":{"rendered":"Sztyfciarka BIZON S\/635-B"},"content":{"rendered":"","protected":false},"excerpt":{"rendered":"Narz\u0119dzie przeznaczone do po\u0142\u0105cze\u0144 gdzie wymagany jest jak najmniej widoczny \u015blad po wbiciu.\r\n\r\nNp.: do mocowania ozdobnych listewek na drzwiczkach mebli, listwy maskuj\u0105ce o\u015bcie\u017cnic drzwi i okien drewnianych.\r\n\r\nNarz\u0119dzie posiada blokad\u0119 strza\u0142\u00f3w \u201ena pusto\u201d oraz mi\u0119kk\u0105 os\u0142on\u0119 nosa.\r\n\r\n<div class=\"wp-block-button\"><a class=\"wp-block-button__link wp-element-button\" target=\"_blank\" href=\"https:\/\/betarom-fastening.ro\/system\/schemat.php?urzadzenie=BIZON S635-B\" rel=\"noopener\">Zam\u00f3w cz\u0119\u015bci zamienne<\/a><\/div>","protected":false},"featured_media":1533,"comment_status":"open","ping_status":"closed","template":"","meta":{"inline_featured_image":false},"product_brand":[],"product_cat":[360],"product_tag":[],"branze":[],"class_list":{"0":"post-1527","1":"product","2":"type-product","3":"status-publish","4":"has-post-thumbnail","6":"product_cat-sztyfciarki","8":"first","9":"instock","10":"shipping-taxable","11":"product-type-simple"},"acf":[],"_links":{"self":[{"href":"https:\/\/betarom-fastening.ro\/pl\/wp-json\/wp\/v2\/product\/1527","targetHints":{"allow":["GET"]}}],"collection":[{"href":"https:\/\/betarom-fastening.ro\/pl\/wp-json\/wp\/v2\/product"}],"about":[{"href":"https:\/\/betarom-fastening.ro\/pl\/wp-json\/wp\/v2\/types\/product"}],"replies":[{"embeddable":true,"href":"https:\/\/betarom-fastening.ro\/pl\/wp-json\/wp\/v2\/comments?post=1527"}],"wp:featuredmedia":[{"embeddable":true,"href":"https:\/\/betarom-fastening.ro\/pl\/wp-json\/wp\/v2\/media\/1533"}],"wp:attachment":[{"href":"https:\/\/betarom-fastening.ro\/pl\/wp-json\/wp\/v2\/media?parent=1527"}],"wp:term":[{"taxonomy":"product_brand","embeddable":true,"href":"https:\/\/betarom-fastening.ro\/pl\/wp-json\/wp\/v2\/product_brand?post=1527"},{"taxonomy":"product_cat","embeddable":true,"href":"https:\/\/betarom-fastening.ro\/pl\/wp-json\/wp\/v2\/product_cat?post=1527"},{"taxonomy":"product_tag","embeddable":true,"href":"https:\/\/betarom-fastening.ro\/pl\/wp-json\/wp\/v2\/product_tag?post=1527"},{"taxonomy":"branze","embeddable":true,"href":"https:\/\/betarom-fastening.ro\/pl\/wp-json\/wp\/v2\/branze?post=1527"}],"curies":[{"name":"wp","href":"https:\/\/api.w.org\/{rel}","templated":true}]}}