{"id":1518,"date":"2023-04-25T19:00:24","date_gmt":"2023-04-25T19:00:24","guid":{"rendered":"http:\/\/test.bizea.com.pl\/\/\/\/\/?post_type=product&#038;p=1518"},"modified":"2026-03-05T17:07:57","modified_gmt":"2026-03-05T17:07:57","slug":"sztyfty-z-lbem-typ-sk-300","status":"publish","type":"product","link":"https:\/\/betarom-fastening.ro\/pl\/produkt\/sztyfty-z-lbem-typ-sk-300\/","title":{"rendered":"Sztyfty z \u0142bem typ: SK 300"},"content":{"rendered":"","protected":false},"excerpt":{"rendered":"Przeznaczone do produkcji galanterii i opakowa\u0144 drewnianych, konstrukcji i wyrob\u00f3w ogrodowych z drewna, mebli.\r\n\r\nNajpopularniejszy typ sztyftu z ma\u0142ym \u0142ebkiem, stosowany r\u00f3wnie\u017c w tackerach spr\u0119\u017cynowych i elektrycznych.","protected":false},"featured_media":5817,"comment_status":"open","ping_status":"closed","template":"","meta":{"inline_featured_image":false},"product_brand":[],"product_cat":[28],"product_tag":[],"branze":[],"class_list":{"0":"post-1518","1":"product","2":"type-product","3":"status-publish","4":"has-post-thumbnail","6":"product_cat-sztyfty-sztyfciarki","8":"first","9":"instock","10":"shipping-taxable","11":"product-type-simple"},"acf":[],"_links":{"self":[{"href":"https:\/\/betarom-fastening.ro\/pl\/wp-json\/wp\/v2\/product\/1518","targetHints":{"allow":["GET"]}}],"collection":[{"href":"https:\/\/betarom-fastening.ro\/pl\/wp-json\/wp\/v2\/product"}],"about":[{"href":"https:\/\/betarom-fastening.ro\/pl\/wp-json\/wp\/v2\/types\/product"}],"replies":[{"embeddable":true,"href":"https:\/\/betarom-fastening.ro\/pl\/wp-json\/wp\/v2\/comments?post=1518"}],"wp:featuredmedia":[{"embeddable":true,"href":"https:\/\/betarom-fastening.ro\/pl\/wp-json\/wp\/v2\/media\/5817"}],"wp:attachment":[{"href":"https:\/\/betarom-fastening.ro\/pl\/wp-json\/wp\/v2\/media?parent=1518"}],"wp:term":[{"taxonomy":"product_brand","embeddable":true,"href":"https:\/\/betarom-fastening.ro\/pl\/wp-json\/wp\/v2\/product_brand?post=1518"},{"taxonomy":"product_cat","embeddable":true,"href":"https:\/\/betarom-fastening.ro\/pl\/wp-json\/wp\/v2\/product_cat?post=1518"},{"taxonomy":"product_tag","embeddable":true,"href":"https:\/\/betarom-fastening.ro\/pl\/wp-json\/wp\/v2\/product_tag?post=1518"},{"taxonomy":"branze","embeddable":true,"href":"https:\/\/betarom-fastening.ro\/pl\/wp-json\/wp\/v2\/branze?post=1518"}],"curies":[{"name":"wp","href":"https:\/\/api.w.org\/{rel}","templated":true}]}}