{"id":1507,"date":"2023-04-25T19:00:21","date_gmt":"2023-04-25T19:00:21","guid":{"rendered":"http:\/\/test.bizea.com.pl\/\/\/\/\/?post_type=product&#038;p=1507"},"modified":"2024-11-14T10:20:51","modified_gmt":"2024-11-14T10:20:51","slug":"zszywacz-bea-14-65-830-c","status":"publish","type":"product","link":"https:\/\/betarom-fastening.ro\/pl\/produkt\/zszywacz-bea-14-65-830-c\/","title":{"rendered":"Zszywacz BeA 14\/65-830 C"},"content":{"rendered":"","protected":false},"excerpt":{"rendered":"Zszywacz pneumatyczny stolarski (konstrukcyjny) do zszywek typu: 14 oraz 16 o d\u0142ugo\u015bci od 40 mm do 65 mm.\r\n\r\nModel 14\/65-830 C polecany do monta\u017cu konstrukcji z twardego drewna w meblarstwie, budownictwie, produkcji opakowa\u0144 z drewna itp\r\n\r\n<div class=\"wp-block-button\"><a class=\"wp-block-button__link wp-element-button\" target=\"_blank\" href=\"https:\/\/betarom-fastening.ro\/system\/schemat.php?urzadzenie=14x65-830C\" rel=\"noopener\">Zam\u00f3w cz\u0119\u015bci zamienne<\/a><\/div>","protected":false},"featured_media":1072,"comment_status":"open","ping_status":"closed","template":"","meta":{"inline_featured_image":false},"product_brand":[],"product_cat":[358],"product_tag":[],"branze":[],"class_list":{"0":"post-1507","1":"product","2":"type-product","3":"status-publish","4":"has-post-thumbnail","6":"product_cat-zszywacze_","8":"first","9":"instock","10":"shipping-taxable","11":"product-type-simple"},"acf":[],"_links":{"self":[{"href":"https:\/\/betarom-fastening.ro\/pl\/wp-json\/wp\/v2\/product\/1507","targetHints":{"allow":["GET"]}}],"collection":[{"href":"https:\/\/betarom-fastening.ro\/pl\/wp-json\/wp\/v2\/product"}],"about":[{"href":"https:\/\/betarom-fastening.ro\/pl\/wp-json\/wp\/v2\/types\/product"}],"replies":[{"embeddable":true,"href":"https:\/\/betarom-fastening.ro\/pl\/wp-json\/wp\/v2\/comments?post=1507"}],"wp:featuredmedia":[{"embeddable":true,"href":"https:\/\/betarom-fastening.ro\/pl\/wp-json\/wp\/v2\/media\/1072"}],"wp:attachment":[{"href":"https:\/\/betarom-fastening.ro\/pl\/wp-json\/wp\/v2\/media?parent=1507"}],"wp:term":[{"taxonomy":"product_brand","embeddable":true,"href":"https:\/\/betarom-fastening.ro\/pl\/wp-json\/wp\/v2\/product_brand?post=1507"},{"taxonomy":"product_cat","embeddable":true,"href":"https:\/\/betarom-fastening.ro\/pl\/wp-json\/wp\/v2\/product_cat?post=1507"},{"taxonomy":"product_tag","embeddable":true,"href":"https:\/\/betarom-fastening.ro\/pl\/wp-json\/wp\/v2\/product_tag?post=1507"},{"taxonomy":"branze","embeddable":true,"href":"https:\/\/betarom-fastening.ro\/pl\/wp-json\/wp\/v2\/branze?post=1507"}],"curies":[{"name":"wp","href":"https:\/\/api.w.org\/{rel}","templated":true}]}}