{"id":1503,"date":"2023-04-25T19:00:20","date_gmt":"2023-04-25T19:00:20","guid":{"rendered":"http:\/\/test.bizea.com.pl\/\/\/\/\/?post_type=product&#038;p=1503"},"modified":"2024-11-14T10:19:01","modified_gmt":"2024-11-14T10:19:01","slug":"zszywacz-bizon-14-50-b81","status":"publish","type":"product","link":"https:\/\/betarom-fastening.ro\/pl\/produkt\/zszywacz-bizon-14-50-b81\/","title":{"rendered":"Zszywacz BIZON 14\/50-B81"},"content":{"rendered":"","protected":false},"excerpt":{"rendered":"Zszywacz pneumatyczny stolarski (konstrukcyjny) <strong>BIZON 14\/50-B81<\/strong> zosta\u0142 wyr\u00f3\u017cniony <strong>Z\u0142otym Medalem na Targach DREMA 2022<\/strong>\r\n<div class=\"wp-block-button\"><a class=\"wp-block-button__link wp-element-button\" href=\"https:\/\/betarom-fastening.ro\/system\/schemat.php?urzadzenie=BIZON 14x50-B81\" target=\"_blank\" rel=\"noopener\">Zam\u00f3w cz\u0119\u015bci zamienne<\/a><\/div>","protected":false},"featured_media":1068,"comment_status":"open","ping_status":"closed","template":"","meta":{"inline_featured_image":false},"product_brand":[],"product_cat":[358],"product_tag":[],"branze":[],"class_list":{"0":"post-1503","1":"product","2":"type-product","3":"status-publish","4":"has-post-thumbnail","6":"product_cat-zszywacze_","8":"first","9":"instock","10":"shipping-taxable","11":"product-type-simple"},"acf":[],"_links":{"self":[{"href":"https:\/\/betarom-fastening.ro\/pl\/wp-json\/wp\/v2\/product\/1503","targetHints":{"allow":["GET"]}}],"collection":[{"href":"https:\/\/betarom-fastening.ro\/pl\/wp-json\/wp\/v2\/product"}],"about":[{"href":"https:\/\/betarom-fastening.ro\/pl\/wp-json\/wp\/v2\/types\/product"}],"replies":[{"embeddable":true,"href":"https:\/\/betarom-fastening.ro\/pl\/wp-json\/wp\/v2\/comments?post=1503"}],"wp:featuredmedia":[{"embeddable":true,"href":"https:\/\/betarom-fastening.ro\/pl\/wp-json\/wp\/v2\/media\/1068"}],"wp:attachment":[{"href":"https:\/\/betarom-fastening.ro\/pl\/wp-json\/wp\/v2\/media?parent=1503"}],"wp:term":[{"taxonomy":"product_brand","embeddable":true,"href":"https:\/\/betarom-fastening.ro\/pl\/wp-json\/wp\/v2\/product_brand?post=1503"},{"taxonomy":"product_cat","embeddable":true,"href":"https:\/\/betarom-fastening.ro\/pl\/wp-json\/wp\/v2\/product_cat?post=1503"},{"taxonomy":"product_tag","embeddable":true,"href":"https:\/\/betarom-fastening.ro\/pl\/wp-json\/wp\/v2\/product_tag?post=1503"},{"taxonomy":"branze","embeddable":true,"href":"https:\/\/betarom-fastening.ro\/pl\/wp-json\/wp\/v2\/branze?post=1503"}],"curies":[{"name":"wp","href":"https:\/\/api.w.org\/{rel}","templated":true}]}}