{"id":5564,"date":"2024-08-24T20:05:44","date_gmt":"2024-08-24T20:05:44","guid":{"rendered":"http:\/\/test.betarom-fastening.ro\/?page_id=5564"},"modified":"2024-08-24T20:05:44","modified_gmt":"2024-08-24T20:05:44","slug":"kariera-2","status":"publish","type":"page","link":"https:\/\/betarom-fastening.ro\/pl\/kariera-2\/","title":{"rendered":"Kariera"},"content":{"rendered":"\n<p>Zawsze ch\u0119tnie zatrudniamy osoby zmotywowane, zorganizowane i pe\u0142ne pasji. Je\u015bli jeste\u015b zainteresowany do\u0142\u0105czeniem do naszego zespo\u0142u, zapoznaj si\u0119 z ofertami pracy wymienionymi poni\u017cej. Alternatywnie mo\u017cesz wys\u0142a\u0107 nam e-mail ze swoimi danymi.<\/p>\n","protected":false},"excerpt":{"rendered":"Zawsze ch\u0119tnie zatrudniamy osoby zmotywowane, zorganizowane i pe\u0142ne pasji. Je\u015bli jeste\u015b zainteresowany&#8230;","protected":false},"author":2,"featured_media":0,"parent":0,"menu_order":0,"comment_status":"closed","ping_status":"closed","template":"","meta":{"inline_featured_image":false,"footnotes":""},"class_list":["post-5564","page","type-page","status-publish","hentry"],"acf":[],"_links":{"self":[{"href":"https:\/\/betarom-fastening.ro\/pl\/wp-json\/wp\/v2\/pages\/5564","targetHints":{"allow":["GET"]}}],"collection":[{"href":"https:\/\/betarom-fastening.ro\/pl\/wp-json\/wp\/v2\/pages"}],"about":[{"href":"https:\/\/betarom-fastening.ro\/pl\/wp-json\/wp\/v2\/types\/page"}],"author":[{"embeddable":true,"href":"https:\/\/betarom-fastening.ro\/pl\/wp-json\/wp\/v2\/users\/2"}],"replies":[{"embeddable":true,"href":"https:\/\/betarom-fastening.ro\/pl\/wp-json\/wp\/v2\/comments?post=5564"}],"version-history":[{"count":1,"href":"https:\/\/betarom-fastening.ro\/pl\/wp-json\/wp\/v2\/pages\/5564\/revisions"}],"predecessor-version":[{"id":5565,"href":"https:\/\/betarom-fastening.ro\/pl\/wp-json\/wp\/v2\/pages\/5564\/revisions\/5565"}],"wp:attachment":[{"href":"https:\/\/betarom-fastening.ro\/pl\/wp-json\/wp\/v2\/media?parent=5564"}],"curies":[{"name":"wp","href":"https:\/\/api.w.org\/{rel}","templated":true}]}}