{"id":5559,"date":"2024-08-19T10:24:41","date_gmt":"2024-08-19T10:24:41","guid":{"rendered":"http:\/\/test.betarom-fastening.ro\/?post_type=product&#038;p=5559"},"modified":"2024-08-19T10:24:41","modified_gmt":"2024-08-19T10:24:41","slug":"membranszivattyu-3-12-applikatorhoz","status":"publish","type":"product","link":"https:\/\/betarom-fastening.ro\/hu\/produkt\/pompa-membranowa-dla-3-do-12-aplikatorow\/","title":{"rendered":"Membr\u00e1nszivatty\u00fa 3-12 applik\u00e1torhoz"},"content":{"rendered":"","protected":false},"excerpt":{"rendered":"Zasilanie spr\u0119\u017conym powietrzem, klej zasysany z beczki podawany do ruroci\u0105gu PP na hali produkcyjnej, dalej z kr\u00f3\u0107ca mi\u0119kkim przewodem do aplikatora\r\n\r\nPompa pracuje tylko w\u00f3wczas gdy klej jest pobierany, szczelna instalacja nie wymaga czyszczenia.\r\n\r\nAplikator po pracy i w trakcie przerw wystarczy zanurzy\u0107 w wodzie","protected":false},"featured_media":5439,"comment_status":"open","ping_status":"closed","template":"","meta":{"inline_featured_image":false},"product_brand":[],"product_cat":[402],"product_tag":[],"branze":[],"class_list":{"0":"post-5559","1":"product","2":"type-product","3":"status-publish","4":"has-post-thumbnail","6":"product_cat-pompy-do-kleju","8":"first","9":"instock","10":"shipping-taxable","11":"product-type-simple"},"acf":[],"_links":{"self":[{"href":"https:\/\/betarom-fastening.ro\/hu\/wp-json\/wp\/v2\/product\/5559","targetHints":{"allow":["GET"]}}],"collection":[{"href":"https:\/\/betarom-fastening.ro\/hu\/wp-json\/wp\/v2\/product"}],"about":[{"href":"https:\/\/betarom-fastening.ro\/hu\/wp-json\/wp\/v2\/types\/product"}],"replies":[{"embeddable":true,"href":"https:\/\/betarom-fastening.ro\/hu\/wp-json\/wp\/v2\/comments?post=5559"}],"wp:featuredmedia":[{"embeddable":true,"href":"https:\/\/betarom-fastening.ro\/hu\/wp-json\/wp\/v2\/media\/5439"}],"wp:attachment":[{"href":"https:\/\/betarom-fastening.ro\/hu\/wp-json\/wp\/v2\/media?parent=5559"}],"wp:term":[{"taxonomy":"product_brand","embeddable":true,"href":"https:\/\/betarom-fastening.ro\/hu\/wp-json\/wp\/v2\/product_brand?post=5559"},{"taxonomy":"product_cat","embeddable":true,"href":"https:\/\/betarom-fastening.ro\/hu\/wp-json\/wp\/v2\/product_cat?post=5559"},{"taxonomy":"product_tag","embeddable":true,"href":"https:\/\/betarom-fastening.ro\/hu\/wp-json\/wp\/v2\/product_tag?post=5559"},{"taxonomy":"branze","embeddable":true,"href":"https:\/\/betarom-fastening.ro\/hu\/wp-json\/wp\/v2\/branze?post=5559"}],"curies":[{"name":"munkaf\u00fczet","href":"https:\/\/api.w.org\/{rel}","templated":true}]}}