{"id":5551,"date":"2024-08-19T10:14:59","date_gmt":"2024-08-19T10:14:59","guid":{"rendered":"http:\/\/test.betarom-fastening.ro\/?post_type=product&#038;p=5551"},"modified":"2024-08-19T10:14:59","modified_gmt":"2024-08-19T10:14:59","slug":"vacac-hot-melt-ragaszto","status":"publish","type":"product","link":"https:\/\/betarom-fastening.ro\/hu\/produkt\/klej-termotopliwy-vactac\/","title":{"rendered":"Vactac melegen olvad\u00f3 ragaszt\u00f3"},"content":{"rendered":"","protected":false},"excerpt":{"rendered":"Klej termotopliwy w formie spray do nasycania kompozyt\u00f3w metod\u0105 infuzji pr\u00f3\u017cniowej \u017cywicy.\r\n\r\nDo tkanin, pianek, sklejki i folii.\r\n\r\nD\u0142ugi czas otwarty 5 min.\r\n\r\nBardzo wysoka przyczepno\u015b\u0107\r\n\r\nD\u0142ugotrwa\u0142e magazynowanie\r\n\r\nBrak odpad\u00f3w \u2013 100% zu\u017cycia","protected":false},"featured_media":5552,"comment_status":"open","ping_status":"closed","template":"","meta":{"inline_featured_image":false},"product_brand":[],"product_cat":[414],"product_tag":[],"branze":[],"class_list":{"0":"post-5551","1":"product","2":"type-product","3":"status-publish","4":"has-post-thumbnail","6":"product_cat-vactac","8":"first","9":"instock","10":"shipping-taxable","11":"product-type-simple"},"acf":[],"_links":{"self":[{"href":"https:\/\/betarom-fastening.ro\/hu\/wp-json\/wp\/v2\/product\/5551","targetHints":{"allow":["GET"]}}],"collection":[{"href":"https:\/\/betarom-fastening.ro\/hu\/wp-json\/wp\/v2\/product"}],"about":[{"href":"https:\/\/betarom-fastening.ro\/hu\/wp-json\/wp\/v2\/types\/product"}],"replies":[{"embeddable":true,"href":"https:\/\/betarom-fastening.ro\/hu\/wp-json\/wp\/v2\/comments?post=5551"}],"wp:featuredmedia":[{"embeddable":true,"href":"https:\/\/betarom-fastening.ro\/hu\/wp-json\/wp\/v2\/media\/5552"}],"wp:attachment":[{"href":"https:\/\/betarom-fastening.ro\/hu\/wp-json\/wp\/v2\/media?parent=5551"}],"wp:term":[{"taxonomy":"product_brand","embeddable":true,"href":"https:\/\/betarom-fastening.ro\/hu\/wp-json\/wp\/v2\/product_brand?post=5551"},{"taxonomy":"product_cat","embeddable":true,"href":"https:\/\/betarom-fastening.ro\/hu\/wp-json\/wp\/v2\/product_cat?post=5551"},{"taxonomy":"product_tag","embeddable":true,"href":"https:\/\/betarom-fastening.ro\/hu\/wp-json\/wp\/v2\/product_tag?post=5551"},{"taxonomy":"branze","embeddable":true,"href":"https:\/\/betarom-fastening.ro\/hu\/wp-json\/wp\/v2\/branze?post=5551"}],"curies":[{"name":"munkaf\u00fczet","href":"https:\/\/api.w.org\/{rel}","templated":true}]}}