{"id":5488,"date":"2024-08-06T13:41:01","date_gmt":"2024-08-06T13:41:01","guid":{"rendered":"http:\/\/test.betarom-fastening.ro\/?post_type=product&#038;p=5488"},"modified":"2024-08-06T15:28:39","modified_gmt":"2024-08-06T15:28:39","slug":"forro-ragaszto-hm-210-12","status":"publish","type":"product","link":"https:\/\/betarom-fastening.ro\/hu\/produkt\/klej-termotopliwy-hm-210-12\/","title":{"rendered":"Melegen olvad\u00f3 ragaszt\u00f3 HM 210\/12"},"content":{"rendered":"","protected":false},"excerpt":{"rendered":"Do plastiku, papieru, tektury pokrytej farbami lub lakierami.\r\n\r\nKlej w kolorze jasnobe\u017cowym, zachowuje proporcje mi\u0119dzy bezpiecznym sklejeniem materia\u0142\u00f3w przy jednoczesnej mo\u017cliwo\u015bci \u0142atwego usuni\u0119cia kleju bez uszkodzenia powierzchni.","protected":false},"featured_media":5519,"comment_status":"open","ping_status":"closed","template":"","meta":{"inline_featured_image":false},"product_brand":[],"product_cat":[404,407],"product_tag":[],"branze":[],"class_list":{"0":"post-5488","1":"product","2":"type-product","3":"status-publish","4":"has-post-thumbnail","6":"product_cat-opakowania","7":"product_cat-florystyka-i-diy","9":"first","10":"instock","11":"shipping-taxable","12":"product-type-simple"},"acf":[],"_links":{"self":[{"href":"https:\/\/betarom-fastening.ro\/hu\/wp-json\/wp\/v2\/product\/5488","targetHints":{"allow":["GET"]}}],"collection":[{"href":"https:\/\/betarom-fastening.ro\/hu\/wp-json\/wp\/v2\/product"}],"about":[{"href":"https:\/\/betarom-fastening.ro\/hu\/wp-json\/wp\/v2\/types\/product"}],"replies":[{"embeddable":true,"href":"https:\/\/betarom-fastening.ro\/hu\/wp-json\/wp\/v2\/comments?post=5488"}],"wp:featuredmedia":[{"embeddable":true,"href":"https:\/\/betarom-fastening.ro\/hu\/wp-json\/wp\/v2\/media\/5519"}],"wp:attachment":[{"href":"https:\/\/betarom-fastening.ro\/hu\/wp-json\/wp\/v2\/media?parent=5488"}],"wp:term":[{"taxonomy":"product_brand","embeddable":true,"href":"https:\/\/betarom-fastening.ro\/hu\/wp-json\/wp\/v2\/product_brand?post=5488"},{"taxonomy":"product_cat","embeddable":true,"href":"https:\/\/betarom-fastening.ro\/hu\/wp-json\/wp\/v2\/product_cat?post=5488"},{"taxonomy":"product_tag","embeddable":true,"href":"https:\/\/betarom-fastening.ro\/hu\/wp-json\/wp\/v2\/product_tag?post=5488"},{"taxonomy":"branze","embeddable":true,"href":"https:\/\/betarom-fastening.ro\/hu\/wp-json\/wp\/v2\/branze?post=5488"}],"curies":[{"name":"munkaf\u00fczet","href":"https:\/\/api.w.org\/{rel}","templated":true}]}}