{"id":5487,"date":"2024-08-06T13:40:11","date_gmt":"2024-08-06T13:40:11","guid":{"rendered":"http:\/\/test.betarom-fastening.ro\/?post_type=product&#038;p=5487"},"modified":"2024-08-06T15:26:43","modified_gmt":"2024-08-06T15:26:43","slug":"forro-ragaszto-hm-342-12","status":"publish","type":"product","link":"https:\/\/betarom-fastening.ro\/hu\/produkt\/klej-termotopliwy-hm-342-12\/","title":{"rendered":"Melegen olvad\u00f3 ragaszt\u00f3 HM 342\/12"},"content":{"rendered":"","protected":false},"excerpt":{"rendered":"Do zamykania spr\u0119\u017cynuj\u0105cych klap pude\u0142 z wielowarstwowej tektury, do przyklejania przewod\u00f3w w przemy\u015ble telekomunikacyjnym, komputerowym, jachtowym oraz w alarmach.\r\n\r\nKlej w kolorze bia\u0142ym o wyj\u0105tkowo szybkiej przyczepno\u015bci, szczeg\u00f3lnie polecany do klejenia grubych, masywnych tektur. Klej szybko wi\u0105\u017c\u0105cy, o du\u017cej lepko\u015bci.","protected":false},"featured_media":5518,"comment_status":"open","ping_status":"closed","template":"","meta":{"inline_featured_image":false},"product_brand":[],"product_cat":[404,409],"product_tag":[],"branze":[],"class_list":{"0":"post-5487","1":"product","2":"type-product","3":"status-publish","4":"has-post-thumbnail","6":"product_cat-opakowania","7":"product_cat-elektronika","9":"first","10":"instock","11":"shipping-taxable","12":"product-type-simple"},"acf":[],"_links":{"self":[{"href":"https:\/\/betarom-fastening.ro\/hu\/wp-json\/wp\/v2\/product\/5487","targetHints":{"allow":["GET"]}}],"collection":[{"href":"https:\/\/betarom-fastening.ro\/hu\/wp-json\/wp\/v2\/product"}],"about":[{"href":"https:\/\/betarom-fastening.ro\/hu\/wp-json\/wp\/v2\/types\/product"}],"replies":[{"embeddable":true,"href":"https:\/\/betarom-fastening.ro\/hu\/wp-json\/wp\/v2\/comments?post=5487"}],"wp:featuredmedia":[{"embeddable":true,"href":"https:\/\/betarom-fastening.ro\/hu\/wp-json\/wp\/v2\/media\/5518"}],"wp:attachment":[{"href":"https:\/\/betarom-fastening.ro\/hu\/wp-json\/wp\/v2\/media?parent=5487"}],"wp:term":[{"taxonomy":"product_brand","embeddable":true,"href":"https:\/\/betarom-fastening.ro\/hu\/wp-json\/wp\/v2\/product_brand?post=5487"},{"taxonomy":"product_cat","embeddable":true,"href":"https:\/\/betarom-fastening.ro\/hu\/wp-json\/wp\/v2\/product_cat?post=5487"},{"taxonomy":"product_tag","embeddable":true,"href":"https:\/\/betarom-fastening.ro\/hu\/wp-json\/wp\/v2\/product_tag?post=5487"},{"taxonomy":"branze","embeddable":true,"href":"https:\/\/betarom-fastening.ro\/hu\/wp-json\/wp\/v2\/branze?post=5487"}],"curies":[{"name":"munkaf\u00fczet","href":"https:\/\/api.w.org\/{rel}","templated":true}]}}