{"id":5485,"date":"2024-08-06T13:38:45","date_gmt":"2024-08-06T13:38:45","guid":{"rendered":"http:\/\/test.betarom-fastening.ro\/?post_type=product&#038;p=5485"},"modified":"2024-08-06T15:23:04","modified_gmt":"2024-08-06T15:23:04","slug":"forro-ragaszto-hm-420-sp-43","status":"publish","type":"product","link":"https:\/\/betarom-fastening.ro\/hu\/produkt\/klej-termotopliwy-hm-420-sp-43\/","title":{"rendered":"Melegen olvad\u00f3 ragaszt\u00f3 HM 420 SP\/43"},"content":{"rendered":"","protected":false},"excerpt":{"rendered":"Do pianki, styropianu, tkanin, sk\u00f3ry, tworzyw sztucznych, drewna i tektury, do stabilizacji work\u00f3w i pude\u0142 uk\u0142adanych na paletach.\r\n\r\nKlej w kolorze bia\u0142ym, do nanoszenia w postaci \u201espray\u201d czyli spiralnych cienkich nitek tworz\u0105cych na klejonej powierzchni form\u0119 paj\u0119czyny. Nadaje si\u0119 r\u00f3wnie\u017c do nanoszenia w postaci linii i punkt\u00f3w. Posiada d\u0142ugi czas otwarty. Daje dobre elastyczne i trwa\u0142e po\u0142\u0105czenie, po zupe\u0142nym och\u0142odzeniu jeszcze przez kilkana\u015bcie minut posiada dobr\u0105 adhezj\u0119.","protected":false},"featured_media":5516,"comment_status":"open","ping_status":"closed","template":"","meta":{"inline_featured_image":false},"product_brand":[],"product_cat":[404,406],"product_tag":[],"branze":[],"class_list":{"0":"post-5485","1":"product","2":"type-product","3":"status-publish","4":"has-post-thumbnail","6":"product_cat-opakowania","7":"product_cat-rozne-materialy","9":"first","10":"instock","11":"shipping-taxable","12":"product-type-simple"},"acf":[],"_links":{"self":[{"href":"https:\/\/betarom-fastening.ro\/hu\/wp-json\/wp\/v2\/product\/5485","targetHints":{"allow":["GET"]}}],"collection":[{"href":"https:\/\/betarom-fastening.ro\/hu\/wp-json\/wp\/v2\/product"}],"about":[{"href":"https:\/\/betarom-fastening.ro\/hu\/wp-json\/wp\/v2\/types\/product"}],"replies":[{"embeddable":true,"href":"https:\/\/betarom-fastening.ro\/hu\/wp-json\/wp\/v2\/comments?post=5485"}],"wp:featuredmedia":[{"embeddable":true,"href":"https:\/\/betarom-fastening.ro\/hu\/wp-json\/wp\/v2\/media\/5516"}],"wp:attachment":[{"href":"https:\/\/betarom-fastening.ro\/hu\/wp-json\/wp\/v2\/media?parent=5485"}],"wp:term":[{"taxonomy":"product_brand","embeddable":true,"href":"https:\/\/betarom-fastening.ro\/hu\/wp-json\/wp\/v2\/product_brand?post=5485"},{"taxonomy":"product_cat","embeddable":true,"href":"https:\/\/betarom-fastening.ro\/hu\/wp-json\/wp\/v2\/product_cat?post=5485"},{"taxonomy":"product_tag","embeddable":true,"href":"https:\/\/betarom-fastening.ro\/hu\/wp-json\/wp\/v2\/product_tag?post=5485"},{"taxonomy":"branze","embeddable":true,"href":"https:\/\/betarom-fastening.ro\/hu\/wp-json\/wp\/v2\/branze?post=5485"}],"curies":[{"name":"munkaf\u00fczet","href":"https:\/\/api.w.org\/{rel}","templated":true}]}}