{"id":4172,"date":"2023-11-13T16:11:42","date_gmt":"2023-11-13T16:11:42","guid":{"rendered":"http:\/\/test.betarom-fastening.ro\/?post_type=product&#038;p=4172"},"modified":"2025-01-21T17:58:04","modified_gmt":"2025-01-21T17:58:04","slug":"ap-1-suritett-levegos-tisztitopisztoly","status":"publish","type":"product","link":"https:\/\/betarom-fastening.ro\/hu\/produkt\/pistolet-do-czyszczenia-sprezonym-powietrzem-ap-1\/","title":{"rendered":"AP\/1 s\u0171r\u00edtett leveg\u0151s tiszt\u00edt\u00f3pisztoly"},"content":{"rendered":"","protected":false},"excerpt":{"rendered":"M\u0171anyag test, r\u00f6vid f\u00fav\u00f3ka\r\n\r\n<div class=\"wp-block-button\"><a class=\"wp-block-button__link wp-element-button\" target=\"_blank\" href=\"https:\/\/betarom-fastening.ro\/system\/akcesoria2.php?kat_id=9\" rel=\"noopener\">Tov\u00e1bb az alkatr\u00e9szrendel\u00e9shez<\/a><\/div>","protected":false},"featured_media":4279,"comment_status":"open","ping_status":"closed","template":"","meta":{"inline_featured_image":false},"product_brand":[],"product_cat":[371],"product_tag":[],"branze":[],"class_list":{"0":"post-4172","1":"product","2":"type-product","3":"status-publish","4":"has-post-thumbnail","6":"product_cat-odciazniki-dmuchawki-wyciagacz-zszywek","8":"first","9":"instock","10":"shipping-taxable","11":"product-type-simple"},"acf":[],"_links":{"self":[{"href":"https:\/\/betarom-fastening.ro\/hu\/wp-json\/wp\/v2\/product\/4172","targetHints":{"allow":["GET"]}}],"collection":[{"href":"https:\/\/betarom-fastening.ro\/hu\/wp-json\/wp\/v2\/product"}],"about":[{"href":"https:\/\/betarom-fastening.ro\/hu\/wp-json\/wp\/v2\/types\/product"}],"replies":[{"embeddable":true,"href":"https:\/\/betarom-fastening.ro\/hu\/wp-json\/wp\/v2\/comments?post=4172"}],"wp:featuredmedia":[{"embeddable":true,"href":"https:\/\/betarom-fastening.ro\/hu\/wp-json\/wp\/v2\/media\/4279"}],"wp:attachment":[{"href":"https:\/\/betarom-fastening.ro\/hu\/wp-json\/wp\/v2\/media?parent=4172"}],"wp:term":[{"taxonomy":"product_brand","embeddable":true,"href":"https:\/\/betarom-fastening.ro\/hu\/wp-json\/wp\/v2\/product_brand?post=4172"},{"taxonomy":"product_cat","embeddable":true,"href":"https:\/\/betarom-fastening.ro\/hu\/wp-json\/wp\/v2\/product_cat?post=4172"},{"taxonomy":"product_tag","embeddable":true,"href":"https:\/\/betarom-fastening.ro\/hu\/wp-json\/wp\/v2\/product_tag?post=4172"},{"taxonomy":"branze","embeddable":true,"href":"https:\/\/betarom-fastening.ro\/hu\/wp-json\/wp\/v2\/branze?post=4172"}],"curies":[{"name":"munkaf\u00fczet","href":"https:\/\/api.w.org\/{rel}","templated":true}]}}