{"id":4151,"date":"2023-11-13T14:45:28","date_gmt":"2023-11-13T14:45:28","guid":{"rendered":"http:\/\/test.betarom-fastening.ro\/?post_type=product&#038;p=4151"},"modified":"2025-01-21T17:48:13","modified_gmt":"2025-01-21T17:48:13","slug":"szuro-reduktorral-es-nyomasmerovel-e-24-2","status":"publish","type":"product","link":"https:\/\/betarom-fastening.ro\/hu\/produkt\/filtr-z-reduktorem-i-manometrem-e-24-2\/","title":{"rendered":"Sz\u0171r\u0151 reduktorral \u00e9s nyom\u00e1sm\u00e9r\u0151vel E\/24\/2"},"content":{"rendered":"","protected":false},"excerpt":{"rendered":"1\/2&quot; 3\/8&quot;-ra cs\u00f6kkentve\r\n\r\n<div class=\"wp-block-button\"><a class=\"wp-block-button__link wp-element-button\" target=\"_blank\" href=\"https:\/\/betarom-fastening.ro\/system\/akcesoria2.php?kat_id=7\" rel=\"noopener\">Tov\u00e1bb az alkatr\u00e9szrendel\u00e9shez<\/a><\/div>","protected":false},"featured_media":4248,"comment_status":"open","ping_status":"closed","template":"","meta":{"inline_featured_image":false},"product_brand":[],"product_cat":[370],"product_tag":[],"branze":[],"class_list":{"0":"post-4151","1":"product","2":"type-product","3":"status-publish","4":"has-post-thumbnail","6":"product_cat-bloki-przygotowania-powietrza","8":"first","9":"instock","10":"shipping-taxable","11":"product-type-simple"},"acf":[],"_links":{"self":[{"href":"https:\/\/betarom-fastening.ro\/hu\/wp-json\/wp\/v2\/product\/4151","targetHints":{"allow":["GET"]}}],"collection":[{"href":"https:\/\/betarom-fastening.ro\/hu\/wp-json\/wp\/v2\/product"}],"about":[{"href":"https:\/\/betarom-fastening.ro\/hu\/wp-json\/wp\/v2\/types\/product"}],"replies":[{"embeddable":true,"href":"https:\/\/betarom-fastening.ro\/hu\/wp-json\/wp\/v2\/comments?post=4151"}],"wp:featuredmedia":[{"embeddable":true,"href":"https:\/\/betarom-fastening.ro\/hu\/wp-json\/wp\/v2\/media\/4248"}],"wp:attachment":[{"href":"https:\/\/betarom-fastening.ro\/hu\/wp-json\/wp\/v2\/media?parent=4151"}],"wp:term":[{"taxonomy":"product_brand","embeddable":true,"href":"https:\/\/betarom-fastening.ro\/hu\/wp-json\/wp\/v2\/product_brand?post=4151"},{"taxonomy":"product_cat","embeddable":true,"href":"https:\/\/betarom-fastening.ro\/hu\/wp-json\/wp\/v2\/product_cat?post=4151"},{"taxonomy":"product_tag","embeddable":true,"href":"https:\/\/betarom-fastening.ro\/hu\/wp-json\/wp\/v2\/product_tag?post=4151"},{"taxonomy":"branze","embeddable":true,"href":"https:\/\/betarom-fastening.ro\/hu\/wp-json\/wp\/v2\/branze?post=4151"}],"curies":[{"name":"munkaf\u00fczet","href":"https:\/\/api.w.org\/{rel}","templated":true}]}}