{"id":4127,"date":"2023-11-13T11:22:54","date_gmt":"2023-11-13T11:22:54","guid":{"rendered":"http:\/\/test.betarom-fastening.ro\/?post_type=product&#038;p=4127"},"modified":"2025-01-21T17:01:38","modified_gmt":"2025-01-21T17:01:38","slug":"dugo-tomlohuvellyel","status":"publish","type":"product","link":"https:\/\/betarom-fastening.ro\/hu\/produkt\/wtyczka-z-tuleja-do-weza\/","title":{"rendered":"Dug\u00f3 t\u00f6ml\u0151h\u00fcvellyel"},"content":{"rendered":"","protected":false},"excerpt":{"rendered":"Dost\u0119pne wymiary &#8211; \u015brednica [mm]: 6, 9, 13\r\n\r\n<div class=\"wp-block-button\"><a class=\"wp-block-button__link wp-element-button\" target=\"_blank\" href=\"https:\/\/betarom-fastening.ro\/system\/akcesoria2.php?kat_id=5\" rel=\"noopener\">Przejd\u017a do zam\u00f3wienia cz\u0119\u015bci<\/a><\/div>\r\n\r\n","protected":false},"featured_media":4193,"comment_status":"open","ping_status":"closed","template":"","meta":{"inline_featured_image":false},"product_brand":[],"product_cat":[368],"product_tag":[],"branze":[],"class_list":{"0":"post-4127","1":"product","2":"type-product","3":"status-publish","4":"has-post-thumbnail","6":"product_cat-akcesoria-do-instalacji-sprezonego-powietrza","8":"first","9":"instock","10":"shipping-taxable","11":"product-type-simple"},"acf":[],"_links":{"self":[{"href":"https:\/\/betarom-fastening.ro\/hu\/wp-json\/wp\/v2\/product\/4127","targetHints":{"allow":["GET"]}}],"collection":[{"href":"https:\/\/betarom-fastening.ro\/hu\/wp-json\/wp\/v2\/product"}],"about":[{"href":"https:\/\/betarom-fastening.ro\/hu\/wp-json\/wp\/v2\/types\/product"}],"replies":[{"embeddable":true,"href":"https:\/\/betarom-fastening.ro\/hu\/wp-json\/wp\/v2\/comments?post=4127"}],"wp:featuredmedia":[{"embeddable":true,"href":"https:\/\/betarom-fastening.ro\/hu\/wp-json\/wp\/v2\/media\/4193"}],"wp:attachment":[{"href":"https:\/\/betarom-fastening.ro\/hu\/wp-json\/wp\/v2\/media?parent=4127"}],"wp:term":[{"taxonomy":"product_brand","embeddable":true,"href":"https:\/\/betarom-fastening.ro\/hu\/wp-json\/wp\/v2\/product_brand?post=4127"},{"taxonomy":"product_cat","embeddable":true,"href":"https:\/\/betarom-fastening.ro\/hu\/wp-json\/wp\/v2\/product_cat?post=4127"},{"taxonomy":"product_tag","embeddable":true,"href":"https:\/\/betarom-fastening.ro\/hu\/wp-json\/wp\/v2\/product_tag?post=4127"},{"taxonomy":"branze","embeddable":true,"href":"https:\/\/betarom-fastening.ro\/hu\/wp-json\/wp\/v2\/branze?post=4127"}],"curies":[{"name":"munkaf\u00fczet","href":"https:\/\/api.w.org\/{rel}","templated":true}]}}