{"id":4125,"date":"2023-11-13T11:21:15","date_gmt":"2023-11-13T11:21:15","guid":{"rendered":"http:\/\/test.betarom-fastening.ro\/?post_type=product&#038;p=4125"},"modified":"2025-01-21T17:01:04","modified_gmt":"2025-01-21T17:01:04","slug":"gyorscsatlakozas-belso-menettel","status":"publish","type":"product","link":"https:\/\/betarom-fastening.ro\/hu\/produkt\/szybkozlacze-z-gwintem-wewnetrznym\/","title":{"rendered":"Gyorscsatlakoz\u00f3 bels\u0151 menettel"},"content":{"rendered":"","protected":false},"excerpt":{"rendered":"El\u00e9rhet\u0151 m\u00e9retek \u2013 menet: 1\/4&quot;, 3\/8&quot;, 1\/2&quot; \r\n\r\n<div class=\"wp-block-button\"><a class=\"wp-block-button__link wp-element-button\" target=\"_blank\" href=\"https:\/\/betarom-fastening.ro\/system\/akcesoria2.php?kat_id=5\" rel=\"noopener\">Tov\u00e1bb az alkatr\u00e9szrendel\u00e9shez<\/a><\/div>","protected":false},"featured_media":4306,"comment_status":"open","ping_status":"closed","template":"","meta":{"inline_featured_image":false},"product_brand":[],"product_cat":[368],"product_tag":[],"branze":[],"class_list":{"0":"post-4125","1":"product","2":"type-product","3":"status-publish","4":"has-post-thumbnail","6":"product_cat-akcesoria-do-instalacji-sprezonego-powietrza","8":"first","9":"instock","10":"shipping-taxable","11":"product-type-simple"},"acf":[],"_links":{"self":[{"href":"https:\/\/betarom-fastening.ro\/hu\/wp-json\/wp\/v2\/product\/4125","targetHints":{"allow":["GET"]}}],"collection":[{"href":"https:\/\/betarom-fastening.ro\/hu\/wp-json\/wp\/v2\/product"}],"about":[{"href":"https:\/\/betarom-fastening.ro\/hu\/wp-json\/wp\/v2\/types\/product"}],"replies":[{"embeddable":true,"href":"https:\/\/betarom-fastening.ro\/hu\/wp-json\/wp\/v2\/comments?post=4125"}],"wp:featuredmedia":[{"embeddable":true,"href":"https:\/\/betarom-fastening.ro\/hu\/wp-json\/wp\/v2\/media\/4306"}],"wp:attachment":[{"href":"https:\/\/betarom-fastening.ro\/hu\/wp-json\/wp\/v2\/media?parent=4125"}],"wp:term":[{"taxonomy":"product_brand","embeddable":true,"href":"https:\/\/betarom-fastening.ro\/hu\/wp-json\/wp\/v2\/product_brand?post=4125"},{"taxonomy":"product_cat","embeddable":true,"href":"https:\/\/betarom-fastening.ro\/hu\/wp-json\/wp\/v2\/product_cat?post=4125"},{"taxonomy":"product_tag","embeddable":true,"href":"https:\/\/betarom-fastening.ro\/hu\/wp-json\/wp\/v2\/product_tag?post=4125"},{"taxonomy":"branze","embeddable":true,"href":"https:\/\/betarom-fastening.ro\/hu\/wp-json\/wp\/v2\/branze?post=4125"}],"curies":[{"name":"munkaf\u00fczet","href":"https:\/\/api.w.org\/{rel}","templated":true}]}}