{"id":3937,"date":"2023-11-06T12:02:37","date_gmt":"2023-11-06T12:02:37","guid":{"rendered":"http:\/\/test.betarom-fastening.ro\/?post_type=product&#038;p=3937"},"modified":"2024-11-14T12:59:10","modified_gmt":"2024-11-14T12:59:10","slug":"pneumatikus-orbitalis-csiszologep-bizon-osp-152-5","status":"publish","type":"product","link":"https:\/\/betarom-fastening.ro\/hu\/produkt\/pneumatyczna-szlifierka-oscylacyjna-bizon-osp-152-5\/","title":{"rendered":"BIZON OSP-152-5 pneumatikus orbit\u00e1lis csiszol\u00f3g\u00e9p"},"content":{"rendered":"","protected":false},"excerpt":{"rendered":"OSP modell porelsz\u00edv\u00e1s n\u00e9lk\u00fcl, lyuk n\u00e9lk\u00fcli ruha\/pap\u00edr t\u00e1rcs\u00e1k csiszol\u00e1s\u00e1hoz, k\u00fcl\u00f6n\u00f6sen \u00e9lmegmunk\u00e1l\u00e1shoz haszn\u00e1latos, ahol kev\u00e9s a por \u00e9s jelent\u0151sen megn\u0151 a lyuk n\u00e9lk\u00fcli t\u00e1rcsa \u00e9lettartama.","protected":false},"featured_media":3938,"comment_status":"open","ping_status":"closed","template":"","meta":{"inline_featured_image":false},"product_brand":[],"product_cat":[376],"product_tag":[],"branze":[],"class_list":{"0":"post-3937","1":"product","2":"type-product","3":"status-publish","4":"has-post-thumbnail","6":"product_cat-szlifierki","8":"first","9":"instock","10":"shipping-taxable","11":"product-type-simple"},"acf":[],"_links":{"self":[{"href":"https:\/\/betarom-fastening.ro\/hu\/wp-json\/wp\/v2\/product\/3937","targetHints":{"allow":["GET"]}}],"collection":[{"href":"https:\/\/betarom-fastening.ro\/hu\/wp-json\/wp\/v2\/product"}],"about":[{"href":"https:\/\/betarom-fastening.ro\/hu\/wp-json\/wp\/v2\/types\/product"}],"replies":[{"embeddable":true,"href":"https:\/\/betarom-fastening.ro\/hu\/wp-json\/wp\/v2\/comments?post=3937"}],"wp:featuredmedia":[{"embeddable":true,"href":"https:\/\/betarom-fastening.ro\/hu\/wp-json\/wp\/v2\/media\/3938"}],"wp:attachment":[{"href":"https:\/\/betarom-fastening.ro\/hu\/wp-json\/wp\/v2\/media?parent=3937"}],"wp:term":[{"taxonomy":"product_brand","embeddable":true,"href":"https:\/\/betarom-fastening.ro\/hu\/wp-json\/wp\/v2\/product_brand?post=3937"},{"taxonomy":"product_cat","embeddable":true,"href":"https:\/\/betarom-fastening.ro\/hu\/wp-json\/wp\/v2\/product_cat?post=3937"},{"taxonomy":"product_tag","embeddable":true,"href":"https:\/\/betarom-fastening.ro\/hu\/wp-json\/wp\/v2\/product_tag?post=3937"},{"taxonomy":"branze","embeddable":true,"href":"https:\/\/betarom-fastening.ro\/hu\/wp-json\/wp\/v2\/branze?post=3937"}],"curies":[{"name":"munkaf\u00fczet","href":"https:\/\/api.w.org\/{rel}","templated":true}]}}