{"id":3908,"date":"2023-11-04T20:10:08","date_gmt":"2023-11-04T20:10:08","guid":{"rendered":"http:\/\/test.betarom-fastening.ro\/?post_type=product&#038;p=3908"},"modified":"2024-11-14T12:55:38","modified_gmt":"2024-11-14T12:55:38","slug":"bizon-bk-s13tph-csavarhuzo","status":"publish","type":"product","link":"https:\/\/betarom-fastening.ro\/hu\/produkt\/wkretarka-bizon-bk-s13tph\/","title":{"rendered":"BIZON BK-S13TPH csavarh\u00faz\u00f3"},"content":{"rendered":"","protected":false},"excerpt":{"rendered":"seria ekonomiczna wkr\u0119tarek BK-S:\r\n\u2013 potwierdzona trwa\u0142o\u015b\u0107 i niezawodno\u015b\u0107\r\n\u2013 znacznie wi\u0119kszy poziom ha\u0142asu ni\u017c w modelach BS-S\r\n\u2013 dobrze wyprofilowana r\u0119koje\u015b\u0107\r\n\u2013 brak ocieplenia r\u0119koje\u015bci\r\n\u2013 wygodny prze\u0142\u0105cznik kierunku obrot\u00f3w\r\n\u2013 start po docisku\r\n\u2013 wewn\u0119trzna regulacja momentu\r\n\u2013 wygodna zmiana grot\u00f3w\r\n\u2013 uchwyt z zabezpieczeniem","protected":false},"featured_media":3909,"comment_status":"open","ping_status":"closed","template":"","meta":{"inline_featured_image":false},"product_brand":[],"product_cat":[374],"product_tag":[],"branze":[],"class_list":{"0":"post-3908","1":"product","2":"type-product","3":"status-publish","4":"has-post-thumbnail","6":"product_cat-wkretarki-wiertarki","8":"first","9":"instock","10":"shipping-taxable","11":"product-type-simple"},"acf":[],"_links":{"self":[{"href":"https:\/\/betarom-fastening.ro\/hu\/wp-json\/wp\/v2\/product\/3908","targetHints":{"allow":["GET"]}}],"collection":[{"href":"https:\/\/betarom-fastening.ro\/hu\/wp-json\/wp\/v2\/product"}],"about":[{"href":"https:\/\/betarom-fastening.ro\/hu\/wp-json\/wp\/v2\/types\/product"}],"replies":[{"embeddable":true,"href":"https:\/\/betarom-fastening.ro\/hu\/wp-json\/wp\/v2\/comments?post=3908"}],"wp:featuredmedia":[{"embeddable":true,"href":"https:\/\/betarom-fastening.ro\/hu\/wp-json\/wp\/v2\/media\/3909"}],"wp:attachment":[{"href":"https:\/\/betarom-fastening.ro\/hu\/wp-json\/wp\/v2\/media?parent=3908"}],"wp:term":[{"taxonomy":"product_brand","embeddable":true,"href":"https:\/\/betarom-fastening.ro\/hu\/wp-json\/wp\/v2\/product_brand?post=3908"},{"taxonomy":"product_cat","embeddable":true,"href":"https:\/\/betarom-fastening.ro\/hu\/wp-json\/wp\/v2\/product_cat?post=3908"},{"taxonomy":"product_tag","embeddable":true,"href":"https:\/\/betarom-fastening.ro\/hu\/wp-json\/wp\/v2\/product_tag?post=3908"},{"taxonomy":"branze","embeddable":true,"href":"https:\/\/betarom-fastening.ro\/hu\/wp-json\/wp\/v2\/branze?post=3908"}],"curies":[{"name":"munkaf\u00fczet","href":"https:\/\/api.w.org\/{rel}","templated":true}]}}