{"id":3876,"date":"2023-11-04T18:08:29","date_gmt":"2023-11-04T18:08:29","guid":{"rendered":"http:\/\/test.betarom-fastening.ro\/?post_type=product&#038;p=3876"},"modified":"2023-11-06T20:02:02","modified_gmt":"2023-11-06T20:02:02","slug":"laza-rozsdamentes-csavarok","status":"publish","type":"product","link":"https:\/\/betarom-fastening.ro\/hu\/produkt\/wkrety-nierdzewne-luzem\/","title":{"rendered":"A rozsdamentes ac\u00e9l csavarok meglazultak"},"content":{"rendered":"","protected":false},"excerpt":{"rendered":"Az el\u00e9rhet\u0151 m\u00e9reteket l\u00e1sd a t\u00e1bl\u00e1zatban: M\u0171szaki adatok","protected":false},"featured_media":3880,"comment_status":"open","ping_status":"closed","template":"","meta":{"inline_featured_image":false},"product_brand":[],"product_cat":[373],"product_tag":[],"branze":[],"class_list":{"0":"post-3876","1":"product","2":"type-product","3":"status-publish","4":"has-post-thumbnail","6":"product_cat-wkrety_","8":"first","9":"instock","10":"shipping-taxable","11":"product-type-simple"},"acf":[],"_links":{"self":[{"href":"https:\/\/betarom-fastening.ro\/hu\/wp-json\/wp\/v2\/product\/3876","targetHints":{"allow":["GET"]}}],"collection":[{"href":"https:\/\/betarom-fastening.ro\/hu\/wp-json\/wp\/v2\/product"}],"about":[{"href":"https:\/\/betarom-fastening.ro\/hu\/wp-json\/wp\/v2\/types\/product"}],"replies":[{"embeddable":true,"href":"https:\/\/betarom-fastening.ro\/hu\/wp-json\/wp\/v2\/comments?post=3876"}],"wp:featuredmedia":[{"embeddable":true,"href":"https:\/\/betarom-fastening.ro\/hu\/wp-json\/wp\/v2\/media\/3880"}],"wp:attachment":[{"href":"https:\/\/betarom-fastening.ro\/hu\/wp-json\/wp\/v2\/media?parent=3876"}],"wp:term":[{"taxonomy":"product_brand","embeddable":true,"href":"https:\/\/betarom-fastening.ro\/hu\/wp-json\/wp\/v2\/product_brand?post=3876"},{"taxonomy":"product_cat","embeddable":true,"href":"https:\/\/betarom-fastening.ro\/hu\/wp-json\/wp\/v2\/product_cat?post=3876"},{"taxonomy":"product_tag","embeddable":true,"href":"https:\/\/betarom-fastening.ro\/hu\/wp-json\/wp\/v2\/product_tag?post=3876"},{"taxonomy":"branze","embeddable":true,"href":"https:\/\/betarom-fastening.ro\/hu\/wp-json\/wp\/v2\/branze?post=3876"}],"curies":[{"name":"munkaf\u00fczet","href":"https:\/\/api.w.org\/{rel}","templated":true}]}}