{"id":3860,"date":"2023-10-26T14:16:01","date_gmt":"2023-10-26T14:16:01","guid":{"rendered":"http:\/\/test.betarom-fastening.ro\/?post_type=product&#038;p=3860"},"modified":"2025-01-21T17:29:39","modified_gmt":"2025-01-21T17:29:39","slug":"pu-spiralkabel-keszlet-forgoszerelvenyek-fedellel","status":"publish","type":"product","link":"https:\/\/betarom-fastening.ro\/hu\/produkt\/przewod-spiralny-pu-kpl-okucia-obrotowe-z-oslona\/","title":{"rendered":"PU spir\u00e1lk\u00e1bel k\u00e9szlet. (forgathat\u00f3 szerelv\u00e9nyek) fed\u00e9llel"},"content":{"rendered":"","protected":false},"excerpt":{"rendered":"Wysokiej jako\u015bci przewody spiralne, wykonane z poliuretanu, wyposa\u017cone w obrotowe z\u0142\u0105czki z gumowym zabezpieczeniem oraz szybkoz\u0142\u0105czem i wtyczk\u0105.\r\n\r\nZobacz dost\u0119pne wymiary w tabelce: Dane techniczne\r\n\r\n<div class=\"wp-block-button\"><a class=\"wp-block-button__link wp-element-button\" target=\"_blank\" href=\"https:\/\/betarom-fastening.ro\/system\/akcesoria2.php?kat_id=6\" rel=\"noopener\">Tov\u00e1bb az alkatr\u00e9szrendel\u00e9shez<\/a><\/div>","protected":false},"featured_media":4225,"comment_status":"open","ping_status":"closed","template":"","meta":{"inline_featured_image":false},"product_brand":[],"product_cat":[369],"product_tag":[],"branze":[],"class_list":{"0":"post-3860","1":"product","2":"type-product","3":"status-publish","4":"has-post-thumbnail","6":"product_cat-przewody-do-sprezonego-powietrza","8":"first","9":"instock","10":"shipping-taxable","11":"product-type-simple"},"acf":[],"_links":{"self":[{"href":"https:\/\/betarom-fastening.ro\/hu\/wp-json\/wp\/v2\/product\/3860","targetHints":{"allow":["GET"]}}],"collection":[{"href":"https:\/\/betarom-fastening.ro\/hu\/wp-json\/wp\/v2\/product"}],"about":[{"href":"https:\/\/betarom-fastening.ro\/hu\/wp-json\/wp\/v2\/types\/product"}],"replies":[{"embeddable":true,"href":"https:\/\/betarom-fastening.ro\/hu\/wp-json\/wp\/v2\/comments?post=3860"}],"wp:featuredmedia":[{"embeddable":true,"href":"https:\/\/betarom-fastening.ro\/hu\/wp-json\/wp\/v2\/media\/4225"}],"wp:attachment":[{"href":"https:\/\/betarom-fastening.ro\/hu\/wp-json\/wp\/v2\/media?parent=3860"}],"wp:term":[{"taxonomy":"product_brand","embeddable":true,"href":"https:\/\/betarom-fastening.ro\/hu\/wp-json\/wp\/v2\/product_brand?post=3860"},{"taxonomy":"product_cat","embeddable":true,"href":"https:\/\/betarom-fastening.ro\/hu\/wp-json\/wp\/v2\/product_cat?post=3860"},{"taxonomy":"product_tag","embeddable":true,"href":"https:\/\/betarom-fastening.ro\/hu\/wp-json\/wp\/v2\/product_tag?post=3860"},{"taxonomy":"branze","embeddable":true,"href":"https:\/\/betarom-fastening.ro\/hu\/wp-json\/wp\/v2\/branze?post=3860"}],"curies":[{"name":"munkaf\u00fczet","href":"https:\/\/api.w.org\/{rel}","templated":true}]}}