{"id":2151,"date":"2023-04-27T12:36:23","date_gmt":"2023-04-27T12:36:23","guid":{"rendered":"https:\/\/test.bizea.com.pl\/\/?post_type=product&#038;p=2151"},"modified":"2024-02-28T12:36:23","modified_gmt":"2024-02-28T12:36:23","slug":"pneumatikus-pres-dobozos-agyak-matracos-karpitozasahoz","status":"publish","type":"product","link":"https:\/\/betarom-fastening.ro\/hu\/produkt\/pneumatyczna-prasa-do-tapicerowania-lozek-skrzyniowych-z-materacem\/","title":{"rendered":"Pneumatikus pr\u00e9s dobozos \u00e1gyak matracos k\u00e1rpitoz\u00e1s\u00e1hoz"},"content":{"rendered":"","protected":false},"excerpt":{"rendered":"Stabilna, trwa\u0142a i solidna konstrukcja.\r\nR\u00f3wnomierny docisk powierzchni materaca.\r\n\r\nRegulacja wysoko\u015bci, d\u0142ugi skok si\u0142ownika pozwala na szybkie dostosowanie do wzrostu operatora.\r\n\r\nRegulacja si\u0142y docisku.\r\nSterowanie obur\u0119czne zapewnia bezpiecze\u0144stwo pracy.","protected":false},"featured_media":2152,"comment_status":"open","ping_status":"closed","template":"","meta":{"inline_featured_image":false},"product_brand":[],"product_cat":[53],"product_tag":[],"branze":[],"class_list":{"0":"post-2151","1":"product","2":"type-product","3":"status-publish","4":"has-post-thumbnail","6":"product_cat-stoly_tapicerskie_i_paletowe","8":"first","9":"instock","10":"shipping-taxable","11":"product-type-simple"},"acf":[],"_links":{"self":[{"href":"https:\/\/betarom-fastening.ro\/hu\/wp-json\/wp\/v2\/product\/2151","targetHints":{"allow":["GET"]}}],"collection":[{"href":"https:\/\/betarom-fastening.ro\/hu\/wp-json\/wp\/v2\/product"}],"about":[{"href":"https:\/\/betarom-fastening.ro\/hu\/wp-json\/wp\/v2\/types\/product"}],"replies":[{"embeddable":true,"href":"https:\/\/betarom-fastening.ro\/hu\/wp-json\/wp\/v2\/comments?post=2151"}],"wp:featuredmedia":[{"embeddable":true,"href":"https:\/\/betarom-fastening.ro\/hu\/wp-json\/wp\/v2\/media\/2152"}],"wp:attachment":[{"href":"https:\/\/betarom-fastening.ro\/hu\/wp-json\/wp\/v2\/media?parent=2151"}],"wp:term":[{"taxonomy":"product_brand","embeddable":true,"href":"https:\/\/betarom-fastening.ro\/hu\/wp-json\/wp\/v2\/product_brand?post=2151"},{"taxonomy":"product_cat","embeddable":true,"href":"https:\/\/betarom-fastening.ro\/hu\/wp-json\/wp\/v2\/product_cat?post=2151"},{"taxonomy":"product_tag","embeddable":true,"href":"https:\/\/betarom-fastening.ro\/hu\/wp-json\/wp\/v2\/product_tag?post=2151"},{"taxonomy":"branze","embeddable":true,"href":"https:\/\/betarom-fastening.ro\/hu\/wp-json\/wp\/v2\/branze?post=2151"}],"curies":[{"name":"munkaf\u00fczet","href":"https:\/\/api.w.org\/{rel}","templated":true}]}}