{"id":2127,"date":"2023-04-27T11:36:20","date_gmt":"2023-04-27T11:36:20","guid":{"rendered":"https:\/\/test.bizea.com.pl\/\/?post_type=product&#038;p=2127"},"modified":"2024-02-27T12:48:50","modified_gmt":"2024-02-27T12:48:50","slug":"pneumatikus-karpitos-asztalok-tb","status":"publish","type":"product","link":"https:\/\/betarom-fastening.ro\/hu\/produkt\/pneumatyczne-stoly-tapicerskie-tb\/","title":{"rendered":"Pneumatikus k\u00e1rpitos asztalok TB"},"content":{"rendered":"","protected":false},"excerpt":{"rendered":"Stabilna, trwa\u0142a, solidna konstrukcja.\r\nWszystkie ruchome po\u0142\u0105czenia wyposa\u017cone w smarowniczki.\r\nUstawianie wysoko\u015bci za pomoc\u0105 no\u017cnych d\u017awigni umieszczonych po obu stronach sto\u0142u, na \u017cyczenie programowany punkt zatrzymania ruchu.\r\nUk\u0142ad pneumatyczny z blokad\u0105 zapobiegaj\u0105c\u0105 opadaniu sto\u0142u po od\u0142\u0105czeniu spr\u0119\u017conego powietrza.\r\n\r\n<strong>K\u00e9r\u00e9sre:<\/strong>\r\n&#8211; stabilizacja pozycji, hydrauliczny kontroler ruchu zapobiega &#8222;bujaniu&#8221; spowodowanemu \u015bci\u015bliwo\u015bci\u0105 powietrza w si\u0142owniku pneumat.\r\n&#8211; ramka bezpiecze\u0144stwa, wy\u0142\u0105cznik dotykowy pod blatem, zapobiegaj\u0105cy zgnieceniu przedmiot\u00f3w lub ko\u0144czyn operatora pozostaj\u0105cych w obrysie blatu sto\u0142u podczas opuszczania\r\n&#8211; wsporniki (R) &#8211; ramiona nad blatem, ustawiane w trzech pozycjach. Ramiona u\u0142atwiaj\u0105 dost\u0119p do spodu mebla bez konieczno\u015bci przewracania\r\n\r\n<div class=\"wp-block-button\"><a class=\"wp-block-button__link wp-element-button\" target=\"_blank\" href=\"https:\/\/www.bizea.com.pl\/schematy\/stol_tapicerski.php\" rel=\"noopener\">Rendeljen alkatr\u00e9szt<\/a><\/div>","protected":false},"featured_media":2140,"comment_status":"open","ping_status":"closed","template":"","meta":{"inline_featured_image":false},"product_brand":[],"product_cat":[53],"product_tag":[],"branze":[],"class_list":{"0":"post-2127","1":"product","2":"type-product","3":"status-publish","4":"has-post-thumbnail","6":"product_cat-stoly_tapicerskie_i_paletowe","8":"first","9":"instock","10":"shipping-taxable","11":"product-type-simple"},"acf":[],"_links":{"self":[{"href":"https:\/\/betarom-fastening.ro\/hu\/wp-json\/wp\/v2\/product\/2127","targetHints":{"allow":["GET"]}}],"collection":[{"href":"https:\/\/betarom-fastening.ro\/hu\/wp-json\/wp\/v2\/product"}],"about":[{"href":"https:\/\/betarom-fastening.ro\/hu\/wp-json\/wp\/v2\/types\/product"}],"replies":[{"embeddable":true,"href":"https:\/\/betarom-fastening.ro\/hu\/wp-json\/wp\/v2\/comments?post=2127"}],"wp:featuredmedia":[{"embeddable":true,"href":"https:\/\/betarom-fastening.ro\/hu\/wp-json\/wp\/v2\/media\/2140"}],"wp:attachment":[{"href":"https:\/\/betarom-fastening.ro\/hu\/wp-json\/wp\/v2\/media?parent=2127"}],"wp:term":[{"taxonomy":"product_brand","embeddable":true,"href":"https:\/\/betarom-fastening.ro\/hu\/wp-json\/wp\/v2\/product_brand?post=2127"},{"taxonomy":"product_cat","embeddable":true,"href":"https:\/\/betarom-fastening.ro\/hu\/wp-json\/wp\/v2\/product_cat?post=2127"},{"taxonomy":"product_tag","embeddable":true,"href":"https:\/\/betarom-fastening.ro\/hu\/wp-json\/wp\/v2\/product_tag?post=2127"},{"taxonomy":"branze","embeddable":true,"href":"https:\/\/betarom-fastening.ro\/hu\/wp-json\/wp\/v2\/branze?post=2127"}],"curies":[{"name":"munkaf\u00fczet","href":"https:\/\/api.w.org\/{rel}","templated":true}]}}