{"id":2120,"date":"2023-04-27T10:19:32","date_gmt":"2023-04-27T10:19:32","guid":{"rendered":"https:\/\/test.bizea.com.pl\/\/?post_type=product&#038;p=2120"},"modified":"2023-05-12T15:32:07","modified_gmt":"2023-05-12T15:32:07","slug":"bea-p8-tuzogep-16-428","status":"publish","type":"product","link":"https:\/\/betarom-fastening.ro\/hu\/produkt\/zszywacz-bea-p8-16-428\/","title":{"rendered":"BeA P8\/16-428 t\u0171z\u0151g\u00e9p"},"content":{"rendered":"","protected":false},"excerpt":{"rendered":"Faelemek technol\u00f3giai \u00f6sszekapcsol\u00e1sa, jachtok, ut\u00e1nfut\u00f3k \u00e9p\u00edt\u00e9se \u00e9s term\u00e9kek c\u00edmk\u00e9z\u00e9se","protected":false},"featured_media":2121,"comment_status":"open","ping_status":"closed","template":"","meta":{"inline_featured_image":false},"product_brand":[],"product_cat":[365],"product_tag":[],"branze":[],"class_list":{"0":"post-2120","1":"product","2":"type-product","3":"status-publish","4":"has-post-thumbnail","6":"product_cat-narzedzia-specjalne","8":"first","9":"instock","10":"shipping-taxable","11":"product-type-simple"},"acf":[],"_links":{"self":[{"href":"https:\/\/betarom-fastening.ro\/hu\/wp-json\/wp\/v2\/product\/2120","targetHints":{"allow":["GET"]}}],"collection":[{"href":"https:\/\/betarom-fastening.ro\/hu\/wp-json\/wp\/v2\/product"}],"about":[{"href":"https:\/\/betarom-fastening.ro\/hu\/wp-json\/wp\/v2\/types\/product"}],"replies":[{"embeddable":true,"href":"https:\/\/betarom-fastening.ro\/hu\/wp-json\/wp\/v2\/comments?post=2120"}],"wp:featuredmedia":[{"embeddable":true,"href":"https:\/\/betarom-fastening.ro\/hu\/wp-json\/wp\/v2\/media\/2121"}],"wp:attachment":[{"href":"https:\/\/betarom-fastening.ro\/hu\/wp-json\/wp\/v2\/media?parent=2120"}],"wp:term":[{"taxonomy":"product_brand","embeddable":true,"href":"https:\/\/betarom-fastening.ro\/hu\/wp-json\/wp\/v2\/product_brand?post=2120"},{"taxonomy":"product_cat","embeddable":true,"href":"https:\/\/betarom-fastening.ro\/hu\/wp-json\/wp\/v2\/product_cat?post=2120"},{"taxonomy":"product_tag","embeddable":true,"href":"https:\/\/betarom-fastening.ro\/hu\/wp-json\/wp\/v2\/product_tag?post=2120"},{"taxonomy":"branze","embeddable":true,"href":"https:\/\/betarom-fastening.ro\/hu\/wp-json\/wp\/v2\/branze?post=2120"}],"curies":[{"name":"munkaf\u00fczet","href":"https:\/\/api.w.org\/{rel}","templated":true}]}}