{"id":2029,"date":"2023-04-26T16:41:53","date_gmt":"2023-04-26T16:41:53","guid":{"rendered":"https:\/\/test.bizea.com.pl\/\/\/\/?post_type=product&#038;p=2029"},"modified":"2024-06-21T11:24:22","modified_gmt":"2024-06-21T11:24:22","slug":"i-izuletek-foto","status":"publish","type":"product","link":"https:\/\/betarom-fastening.ro\/hu\/produkt\/zlacza-dwuteowe-zd\/","title":{"rendered":"ZD I-\u00edz\u00fcletek"},"content":{"rendered":"","protected":false},"excerpt":{"rendered":"Najcz\u0119\u015bciej stosowane przez producent\u00f3w trumien. Dopracowali\u015bmy konstrukcj\u0119 z\u0142\u0105cza ZD kt\u00f3re, spe\u0142nia doskonale swoje zadanie czyli:\r\n\r\n\u2013 pozwala si\u0119 \u0142atwo wbija\u0107 w ka\u017cdy rodzaj drewna\r\n\u2013 doskonale \u015bci\u0105ga \u0142\u0105czone deski \u2013 sto\u017ckowy kszta\u0142t i rozszerzenie (dodatkowe rozszerzenie na pocz\u0105tkowym odcinku z\u0142\u0105cza)\r\n\u2013 tworzy mocne, trwa\u0142e oraz niewidoczne po\u0142\u0105czenie k\u0105towe","protected":false},"featured_media":5353,"comment_status":"open","ping_status":"closed","template":"","meta":{"inline_featured_image":false},"product_brand":[],"product_cat":[45],"product_tag":[],"branze":[],"class_list":{"0":"post-2029","1":"product","2":"type-product","3":"status-publish","4":"has-post-thumbnail","6":"product_cat-zlacza_specjalne","8":"first","9":"instock","10":"shipping-taxable","11":"product-type-simple"},"acf":[],"_links":{"self":[{"href":"https:\/\/betarom-fastening.ro\/hu\/wp-json\/wp\/v2\/product\/2029","targetHints":{"allow":["GET"]}}],"collection":[{"href":"https:\/\/betarom-fastening.ro\/hu\/wp-json\/wp\/v2\/product"}],"about":[{"href":"https:\/\/betarom-fastening.ro\/hu\/wp-json\/wp\/v2\/types\/product"}],"replies":[{"embeddable":true,"href":"https:\/\/betarom-fastening.ro\/hu\/wp-json\/wp\/v2\/comments?post=2029"}],"wp:featuredmedia":[{"embeddable":true,"href":"https:\/\/betarom-fastening.ro\/hu\/wp-json\/wp\/v2\/media\/5353"}],"wp:attachment":[{"href":"https:\/\/betarom-fastening.ro\/hu\/wp-json\/wp\/v2\/media?parent=2029"}],"wp:term":[{"taxonomy":"product_brand","embeddable":true,"href":"https:\/\/betarom-fastening.ro\/hu\/wp-json\/wp\/v2\/product_brand?post=2029"},{"taxonomy":"product_cat","embeddable":true,"href":"https:\/\/betarom-fastening.ro\/hu\/wp-json\/wp\/v2\/product_cat?post=2029"},{"taxonomy":"product_tag","embeddable":true,"href":"https:\/\/betarom-fastening.ro\/hu\/wp-json\/wp\/v2\/product_tag?post=2029"},{"taxonomy":"branze","embeddable":true,"href":"https:\/\/betarom-fastening.ro\/hu\/wp-json\/wp\/v2\/branze?post=2029"}],"curies":[{"name":"munkaf\u00fczet","href":"https:\/\/api.w.org\/{rel}","templated":true}]}}