{"id":2010,"date":"2023-04-26T14:55:47","date_gmt":"2023-04-26T14:55:47","guid":{"rendered":"https:\/\/test.bizea.com.pl\/\/\/\/?post_type=product&#038;p=2010"},"modified":"2024-11-14T13:09:57","modified_gmt":"2024-11-14T13:09:57","slug":"boleny-szoritocsipesz","status":"publish","type":"product","link":"https:\/\/betarom-fastening.ro\/hu\/produkt\/spinacz-cegowy-bizon\/","title":{"rendered":"BIZON fog\u00f3csipesz"},"content":{"rendered":"","protected":false},"excerpt":{"rendered":"BIZON fog\u00f3csipesz vezet\u00e9kek \u00f6sszek\u00f6t\u00e9s\u00e9hez ST-h\u00fcvelykapcsokkal ac\u00e9llemezb\u0151l","protected":false},"featured_media":2011,"comment_status":"open","ping_status":"closed","template":"","meta":{"inline_featured_image":false},"product_brand":[],"product_cat":[365,363,347],"product_tag":[],"branze":[],"class_list":{"0":"post-2010","1":"product","2":"type-product","3":"status-publish","4":"has-post-thumbnail","6":"product_cat-narzedzia-specjalne","7":"product_cat-urzadzenia-do-nabijania-zaczepow-sprezyn-falistych","8":"product_cat-dedykowane-rozwiazania-dla-montazu-sprezyn-falistych","10":"first","11":"instock","12":"shipping-taxable","13":"product-type-simple"},"acf":[],"_links":{"self":[{"href":"https:\/\/betarom-fastening.ro\/hu\/wp-json\/wp\/v2\/product\/2010","targetHints":{"allow":["GET"]}}],"collection":[{"href":"https:\/\/betarom-fastening.ro\/hu\/wp-json\/wp\/v2\/product"}],"about":[{"href":"https:\/\/betarom-fastening.ro\/hu\/wp-json\/wp\/v2\/types\/product"}],"replies":[{"embeddable":true,"href":"https:\/\/betarom-fastening.ro\/hu\/wp-json\/wp\/v2\/comments?post=2010"}],"wp:featuredmedia":[{"embeddable":true,"href":"https:\/\/betarom-fastening.ro\/hu\/wp-json\/wp\/v2\/media\/2011"}],"wp:attachment":[{"href":"https:\/\/betarom-fastening.ro\/hu\/wp-json\/wp\/v2\/media?parent=2010"}],"wp:term":[{"taxonomy":"product_brand","embeddable":true,"href":"https:\/\/betarom-fastening.ro\/hu\/wp-json\/wp\/v2\/product_brand?post=2010"},{"taxonomy":"product_cat","embeddable":true,"href":"https:\/\/betarom-fastening.ro\/hu\/wp-json\/wp\/v2\/product_cat?post=2010"},{"taxonomy":"product_tag","embeddable":true,"href":"https:\/\/betarom-fastening.ro\/hu\/wp-json\/wp\/v2\/product_tag?post=2010"},{"taxonomy":"branze","embeddable":true,"href":"https:\/\/betarom-fastening.ro\/hu\/wp-json\/wp\/v2\/branze?post=2010"}],"curies":[{"name":"munkaf\u00fczet","href":"https:\/\/api.w.org\/{rel}","templated":true}]}}