{"id":1672,"date":"2023-04-25T19:03:22","date_gmt":"2023-04-25T19:03:22","guid":{"rendered":"http:\/\/test.bizea.com.pl\/\/\/\/\/?post_type=product&#038;p=1672"},"modified":"2025-03-24T12:22:18","modified_gmt":"2025-03-24T12:22:18","slug":"bizon-ab-s6t-csavarhuzo","status":"publish","type":"product","link":"https:\/\/betarom-fastening.ro\/hu\/produkt\/wkretarka-bizon-ab-s6t\/","title":{"rendered":"BIZON AB-S6T csavarh\u00faz\u00f3"},"content":{"rendered":"","protected":false},"excerpt":{"rendered":"&#8211; wyj\u0105tkowa trwa\u0142o\u015b\u0107 i niezawodno\u015b\u0107 przy stosunkowo ma\u0142ej masie i relatywnie niskim poziomie ha\u0142asu\r\n&#8211; bardzo &#8222;szybkie&#8221; &#8211; wysokie obroty\r\n&#8211; kr\u00f3tki korpus, wygodna operacja wewn\u0105trz mebli\r\n&#8211; dobrze wyprofilowany, ocieplony uchwyt\r\n&#8211; wygodny prze\u0142\u0105cznik kierunku obrot\u00f3w\r\n&#8211; bez regulacji momentu\r\n&#8211; wygodna zmiana grot\u00f3w\r\n&#8211; uchwyt z zabezpieczeniem\r\n\r\n<div class=\"wp-block-button\"><a class=\"wp-block-button__link wp-element-button\" target=\"_blank\" href=\"https:\/\/betarom-fastening.ro\/system\/schemat.php?urzadzenie=BIZON AB-S6T\" rel=\"noopener\">Rendeljen alkatr\u00e9szt<\/a><\/div>","protected":false},"featured_media":1712,"comment_status":"open","ping_status":"closed","template":"","meta":{"inline_featured_image":false},"product_brand":[],"product_cat":[361,374],"product_tag":[],"branze":[],"class_list":{"0":"post-1672","1":"product","2":"type-product","3":"status-publish","4":"has-post-thumbnail","6":"product_cat-wkretarki-wiertarki-klucze-katowe","7":"product_cat-wkretarki-wiertarki","9":"first","10":"instock","11":"shipping-taxable","12":"product-type-simple"},"acf":[],"_links":{"self":[{"href":"https:\/\/betarom-fastening.ro\/hu\/wp-json\/wp\/v2\/product\/1672","targetHints":{"allow":["GET"]}}],"collection":[{"href":"https:\/\/betarom-fastening.ro\/hu\/wp-json\/wp\/v2\/product"}],"about":[{"href":"https:\/\/betarom-fastening.ro\/hu\/wp-json\/wp\/v2\/types\/product"}],"replies":[{"embeddable":true,"href":"https:\/\/betarom-fastening.ro\/hu\/wp-json\/wp\/v2\/comments?post=1672"}],"wp:featuredmedia":[{"embeddable":true,"href":"https:\/\/betarom-fastening.ro\/hu\/wp-json\/wp\/v2\/media\/1712"}],"wp:attachment":[{"href":"https:\/\/betarom-fastening.ro\/hu\/wp-json\/wp\/v2\/media?parent=1672"}],"wp:term":[{"taxonomy":"product_brand","embeddable":true,"href":"https:\/\/betarom-fastening.ro\/hu\/wp-json\/wp\/v2\/product_brand?post=1672"},{"taxonomy":"product_cat","embeddable":true,"href":"https:\/\/betarom-fastening.ro\/hu\/wp-json\/wp\/v2\/product_cat?post=1672"},{"taxonomy":"product_tag","embeddable":true,"href":"https:\/\/betarom-fastening.ro\/hu\/wp-json\/wp\/v2\/product_tag?post=1672"},{"taxonomy":"branze","embeddable":true,"href":"https:\/\/betarom-fastening.ro\/hu\/wp-json\/wp\/v2\/branze?post=1672"}],"curies":[{"name":"munkaf\u00fczet","href":"https:\/\/api.w.org\/{rel}","templated":true}]}}