{"id":1659,"date":"2023-04-25T19:03:01","date_gmt":"2023-04-25T19:03:01","guid":{"rendered":"http:\/\/test.bizea.com.pl\/\/\/\/\/?post_type=product&#038;p=1659"},"modified":"2024-11-14T12:53:38","modified_gmt":"2024-11-14T12:53:38","slug":"furogep-bizon-bs-sd7t","status":"publish","type":"product","link":"https:\/\/betarom-fastening.ro\/hu\/produkt\/wiertarko-wkretarka-bizon-bs-sd7t\/","title":{"rendered":"BIZON BS-SD7T f\u00far\u00f3\/csavaroz\u00f3"},"content":{"rendered":"","protected":false},"excerpt":{"rendered":"&#8211; cicha praca\r\n&#8211; trwa\u0142o\u015b\u0107, doskona\u0142y stosunek mocy do masy narz\u0119dzi\r\n&#8211; ocieplony, mi\u0119kki w dotyku i dobrze wyprofilowany uchwyt\r\n&#8211; wygodny prze\u0142\u0105cznik kierunku obrot\u00f3w (r\u00f3wnie\u017c dla os\u00f3b lewor\u0119cznych)\r\n&#8211; zewn\u0119trzna regulacja momentu dokr\u0119cania\r\n&#8211; uchwyt do zawieszenia na balanserze\r\n\r\n<div class=\"wp-block-button\"><a class=\"wp-block-button__link wp-element-button\" target=\"_blank\" href=\"https:\/\/betarom-fastening.ro\/system\/schemat.php?urzadzenie=BIZON BS-SD7T\" rel=\"noopener\">Rendeljen alkatr\u00e9szt<\/a><\/div>","protected":false},"featured_media":1709,"comment_status":"open","ping_status":"closed","template":"","meta":{"inline_featured_image":false},"product_brand":[],"product_cat":[361,374],"product_tag":[],"branze":[],"class_list":{"0":"post-1659","1":"product","2":"type-product","3":"status-publish","4":"has-post-thumbnail","6":"product_cat-wkretarki-wiertarki-klucze-katowe","7":"product_cat-wkretarki-wiertarki","9":"first","10":"instock","11":"shipping-taxable","12":"product-type-simple"},"acf":[],"_links":{"self":[{"href":"https:\/\/betarom-fastening.ro\/hu\/wp-json\/wp\/v2\/product\/1659","targetHints":{"allow":["GET"]}}],"collection":[{"href":"https:\/\/betarom-fastening.ro\/hu\/wp-json\/wp\/v2\/product"}],"about":[{"href":"https:\/\/betarom-fastening.ro\/hu\/wp-json\/wp\/v2\/types\/product"}],"replies":[{"embeddable":true,"href":"https:\/\/betarom-fastening.ro\/hu\/wp-json\/wp\/v2\/comments?post=1659"}],"wp:featuredmedia":[{"embeddable":true,"href":"https:\/\/betarom-fastening.ro\/hu\/wp-json\/wp\/v2\/media\/1709"}],"wp:attachment":[{"href":"https:\/\/betarom-fastening.ro\/hu\/wp-json\/wp\/v2\/media?parent=1659"}],"wp:term":[{"taxonomy":"product_brand","embeddable":true,"href":"https:\/\/betarom-fastening.ro\/hu\/wp-json\/wp\/v2\/product_brand?post=1659"},{"taxonomy":"product_cat","embeddable":true,"href":"https:\/\/betarom-fastening.ro\/hu\/wp-json\/wp\/v2\/product_cat?post=1659"},{"taxonomy":"product_tag","embeddable":true,"href":"https:\/\/betarom-fastening.ro\/hu\/wp-json\/wp\/v2\/product_tag?post=1659"},{"taxonomy":"branze","embeddable":true,"href":"https:\/\/betarom-fastening.ro\/hu\/wp-json\/wp\/v2\/branze?post=1659"}],"curies":[{"name":"munkaf\u00fczet","href":"https:\/\/api.w.org\/{rel}","templated":true}]}}