{"id":1619,"date":"2023-04-25T19:02:12","date_gmt":"2023-04-25T19:02:12","guid":{"rendered":"http:\/\/test.bizea.com.pl\/\/\/\/\/?post_type=product&#038;p=1619"},"modified":"2024-06-21T11:22:25","modified_gmt":"2024-06-21T11:22:25","slug":"c-gyurus-mandzsettagombok-cl20x16","status":"publish","type":"product","link":"https:\/\/betarom-fastening.ro\/hu\/produkt\/spinki-c-ring-typ-cl20x16\/","title":{"rendered":"C-gy\u0171r\u0171s klipsz CL20x1.6"},"content":{"rendered":"","protected":false},"excerpt":{"rendered":"K\u00e1rpitozott b\u00fatorok \u00e9s matracok gy\u00e1rt\u00e1sa sor\u00e1n rug\u00f3k \u00e9s rug\u00f3s sz\u00f6vetek \u00f6sszekapcsol\u00e1s\u00e1ra szolg\u00e1l\u00f3 klipek. T\u00f6k\u00e9letesek zacsk\u00f3k z\u00e1r\u00e1s\u00e1ra \u00e9s egy\u00e9b csomagol\u00e1si alkalmaz\u00e1sokhoz. Alkalmasak huzatok aut\u00f3\u00fcl\u00e9sek f\u00e9mv\u00e1z\u00e1hoz val\u00f3 csatlakoztat\u00e1s\u00e1ra is.","protected":false},"featured_media":5350,"comment_status":"open","ping_status":"closed","template":"","meta":{"inline_featured_image":false},"product_brand":[],"product_cat":[42],"product_tag":[],"branze":[],"class_list":{"0":"post-1619","1":"product","2":"type-product","3":"status-publish","4":"has-post-thumbnail","6":"product_cat-c_ring","8":"first","9":"instock","10":"shipping-taxable","11":"product-type-simple"},"acf":[],"_links":{"self":[{"href":"https:\/\/betarom-fastening.ro\/hu\/wp-json\/wp\/v2\/product\/1619","targetHints":{"allow":["GET"]}}],"collection":[{"href":"https:\/\/betarom-fastening.ro\/hu\/wp-json\/wp\/v2\/product"}],"about":[{"href":"https:\/\/betarom-fastening.ro\/hu\/wp-json\/wp\/v2\/types\/product"}],"replies":[{"embeddable":true,"href":"https:\/\/betarom-fastening.ro\/hu\/wp-json\/wp\/v2\/comments?post=1619"}],"wp:featuredmedia":[{"embeddable":true,"href":"https:\/\/betarom-fastening.ro\/hu\/wp-json\/wp\/v2\/media\/5350"}],"wp:attachment":[{"href":"https:\/\/betarom-fastening.ro\/hu\/wp-json\/wp\/v2\/media?parent=1619"}],"wp:term":[{"taxonomy":"product_brand","embeddable":true,"href":"https:\/\/betarom-fastening.ro\/hu\/wp-json\/wp\/v2\/product_brand?post=1619"},{"taxonomy":"product_cat","embeddable":true,"href":"https:\/\/betarom-fastening.ro\/hu\/wp-json\/wp\/v2\/product_cat?post=1619"},{"taxonomy":"product_tag","embeddable":true,"href":"https:\/\/betarom-fastening.ro\/hu\/wp-json\/wp\/v2\/product_tag?post=1619"},{"taxonomy":"branze","embeddable":true,"href":"https:\/\/betarom-fastening.ro\/hu\/wp-json\/wp\/v2\/branze?post=1619"}],"curies":[{"name":"munkaf\u00fczet","href":"https:\/\/api.w.org\/{rel}","templated":true}]}}