{"id":1618,"date":"2023-04-25T19:02:12","date_gmt":"2023-04-25T19:02:12","guid":{"rendered":"http:\/\/test.bizea.com.pl\/\/\/\/\/?post_type=product&#038;p=1618"},"modified":"2026-03-01T16:45:16","modified_gmt":"2026-03-01T16:45:16","slug":"c-gyurus-mandzsettagombok-cl20x18","status":"publish","type":"product","link":"https:\/\/betarom-fastening.ro\/hu\/produkt\/spinki-c-ring-typ-cl20x18\/","title":{"rendered":"C-gy\u0171r\u0171s klipsz CL20x1.8"},"content":{"rendered":"","protected":false},"excerpt":{"rendered":"K\u00e1rpitozott b\u00fatorok \u00e9s matracok gy\u00e1rt\u00e1sa sor\u00e1n rug\u00f3k \u00e9s rug\u00f3s sz\u00f6vetek \u00f6sszekapcsol\u00e1s\u00e1ra szolg\u00e1l\u00f3 klipek. A huzatok aut\u00f3\u00fcl\u00e9sek f\u00e9mv\u00e1z\u00e1hoz val\u00f3 csatlakoztat\u00e1s\u00e1ra is haszn\u00e1lhat\u00f3. T\u00f6k\u00e9letesek zacsk\u00f3k z\u00e1r\u00e1s\u00e1ra \u00e9s egy\u00e9b csomagol\u00e1si alkalmaz\u00e1sokhoz. Z\u00f6ldre lakkozott mesters\u00e9ges kar\u00e1csonyf\u00e1k k\u00e9sz\u00edt\u00e9s\u00e9hez. CRAPL v\u00e1ltozat nagyobb korr\u00f3zi\u00f3\u00e1ll\u00f3s\u00e1ggal, k\u00f6nny\u0171 gabionok \u00f6sszeszerel\u00e9s\u00e9hez. Haszn\u00e1lj\u00e1k m\u00e9g \u00e1llatketrecek, mez\u0151gazdas\u00e1gi \u00e9s erdei ker\u00edt\u00e9sek, valamint speci\u00e1lis ker\u00edt\u00e9sek \u2013 b\u00f6rt\u00f6n\u00f6kben, katonai l\u00e9tes\u00edtm\u00e9nyekben, vas\u00fati l\u00e9tes\u00edtm\u00e9nyekben \u2013 val\u00f3 borotvahuzalcsatlakoz\u00e1sok gy\u00e1rt\u00e1s\u00e1hoz.","protected":false},"featured_media":5349,"comment_status":"open","ping_status":"closed","template":"","meta":{"inline_featured_image":false},"product_brand":[],"product_cat":[42],"product_tag":[],"branze":[],"class_list":{"0":"post-1618","1":"product","2":"type-product","3":"status-publish","4":"has-post-thumbnail","6":"product_cat-c_ring","8":"first","9":"instock","10":"shipping-taxable","11":"product-type-simple"},"acf":[],"_links":{"self":[{"href":"https:\/\/betarom-fastening.ro\/hu\/wp-json\/wp\/v2\/product\/1618","targetHints":{"allow":["GET"]}}],"collection":[{"href":"https:\/\/betarom-fastening.ro\/hu\/wp-json\/wp\/v2\/product"}],"about":[{"href":"https:\/\/betarom-fastening.ro\/hu\/wp-json\/wp\/v2\/types\/product"}],"replies":[{"embeddable":true,"href":"https:\/\/betarom-fastening.ro\/hu\/wp-json\/wp\/v2\/comments?post=1618"}],"wp:featuredmedia":[{"embeddable":true,"href":"https:\/\/betarom-fastening.ro\/hu\/wp-json\/wp\/v2\/media\/5349"}],"wp:attachment":[{"href":"https:\/\/betarom-fastening.ro\/hu\/wp-json\/wp\/v2\/media?parent=1618"}],"wp:term":[{"taxonomy":"product_brand","embeddable":true,"href":"https:\/\/betarom-fastening.ro\/hu\/wp-json\/wp\/v2\/product_brand?post=1618"},{"taxonomy":"product_cat","embeddable":true,"href":"https:\/\/betarom-fastening.ro\/hu\/wp-json\/wp\/v2\/product_cat?post=1618"},{"taxonomy":"product_tag","embeddable":true,"href":"https:\/\/betarom-fastening.ro\/hu\/wp-json\/wp\/v2\/product_tag?post=1618"},{"taxonomy":"branze","embeddable":true,"href":"https:\/\/betarom-fastening.ro\/hu\/wp-json\/wp\/v2\/branze?post=1618"}],"curies":[{"name":"munkaf\u00fczet","href":"https:\/\/api.w.org\/{rel}","templated":true}]}}