{"id":1596,"date":"2023-04-25T19:01:47","date_gmt":"2023-04-25T19:01:47","guid":{"rendered":"http:\/\/test.bizea.com.pl\/\/\/\/\/?post_type=product&#038;p=1596"},"modified":"2025-04-01T14:49:40","modified_gmt":"2025-04-01T14:49:40","slug":"bea-tuzogep-33-13-777c","status":"publish","type":"product","link":"https:\/\/betarom-fastening.ro\/hu\/produkt\/zszywacz-bea-33-13-777c\/","title":{"rendered":"BeA 33\/13-777C t\u0171z\u0151g\u00e9p EPAL, EUR raklapok jel\u00f6l\u00e9s\u00e9re"},"content":{"rendered":"","protected":false},"excerpt":{"rendered":"&#8211; bardzo lekki, szybki, dobrze wywa\u017cony\r\n&#8211; Szybkie wbijanie, du\u017ca efektywno\u015b\u0107 produkcji\r\n&#8211; Ergonomiczny uchwyt, przyjazny dla operatora, mniejsze zm\u0119czenie\r\n&#8211; Regulowany kierunek wydechu\r\n&#8211; Wyzwalanie kontaktowe &#8222;C&#8221;\r\n&#8211; Zszywki (klamry) znak EPAL\r\n&#8211; Wyposa\u017cenie dodatkowe, opcje: mocowanie i wyzwalanie zewn\u0119trzne do pracy na linii monta\u017cu palet\r\n\r\n<div class=\"wp-block-button\"><a class=\"wp-block-button__link wp-element-button\" target=\"_blank\" href=\"https:\/\/betarom-fastening.ro\/system\/schemat.php?urzadzenie=33x13-777C\" rel=\"noopener\">Rendeljen alkatr\u00e9szt<\/a><\/div>","protected":false},"featured_media":1645,"comment_status":"open","ping_status":"closed","template":"","meta":{"inline_featured_image":false},"product_brand":[],"product_cat":[358,329,420],"product_tag":[],"branze":[],"class_list":{"0":"post-1596","1":"product","2":"type-product","3":"status-publish","4":"has-post-thumbnail","6":"product_cat-zszywacze_","7":"product_cat-gwozdzie-epal-uic","8":"product_cat-zszywacze-do-znakowania-klamra-nowych-palet-epal-uic","10":"first","11":"instock","12":"shipping-taxable","13":"product-type-simple"},"acf":[],"_links":{"self":[{"href":"https:\/\/betarom-fastening.ro\/hu\/wp-json\/wp\/v2\/product\/1596","targetHints":{"allow":["GET"]}}],"collection":[{"href":"https:\/\/betarom-fastening.ro\/hu\/wp-json\/wp\/v2\/product"}],"about":[{"href":"https:\/\/betarom-fastening.ro\/hu\/wp-json\/wp\/v2\/types\/product"}],"replies":[{"embeddable":true,"href":"https:\/\/betarom-fastening.ro\/hu\/wp-json\/wp\/v2\/comments?post=1596"}],"wp:featuredmedia":[{"embeddable":true,"href":"https:\/\/betarom-fastening.ro\/hu\/wp-json\/wp\/v2\/media\/1645"}],"wp:attachment":[{"href":"https:\/\/betarom-fastening.ro\/hu\/wp-json\/wp\/v2\/media?parent=1596"}],"wp:term":[{"taxonomy":"product_brand","embeddable":true,"href":"https:\/\/betarom-fastening.ro\/hu\/wp-json\/wp\/v2\/product_brand?post=1596"},{"taxonomy":"product_cat","embeddable":true,"href":"https:\/\/betarom-fastening.ro\/hu\/wp-json\/wp\/v2\/product_cat?post=1596"},{"taxonomy":"product_tag","embeddable":true,"href":"https:\/\/betarom-fastening.ro\/hu\/wp-json\/wp\/v2\/product_tag?post=1596"},{"taxonomy":"branze","embeddable":true,"href":"https:\/\/betarom-fastening.ro\/hu\/wp-json\/wp\/v2\/branze?post=1596"}],"curies":[{"name":"munkaf\u00fczet","href":"https:\/\/api.w.org\/{rel}","templated":true}]}}