{"id":158292,"date":"2026-03-02T13:59:55","date_gmt":"2026-03-02T13:59:55","guid":{"rendered":"https:\/\/betarom-fastening.ro\/?post_type=product&#038;p=158292"},"modified":"2026-03-02T13:59:55","modified_gmt":"2026-03-02T13:59:55","slug":"wick-tec-kezdokeszlet","status":"publish","type":"product","link":"https:\/\/betarom-fastening.ro\/hu\/produkt\/zestaw-startowy-knot-tec-kit\/","title":{"rendered":"Knot-tec kezd\u0151k\u00e9szlet"},"content":{"rendered":"","protected":false},"excerpt":{"rendered":"Zestawy Konottec to idealne rozwi\u0105zanie do usuwania ubytk\u00f3w, rys i innych wad w drewnie.\r\n\r\nNaprawione miejsca wygl\u0105daj\u0105 naturalnie i s\u0105 odporne na \u015bcieranie oraz zmiany temperatury.\r\n\r\n<strong>A k\u00e9szlet \u00f6sszet\u00e9tele:<\/strong>\r\n\r\nWygodna walizka na narz\u0119dzia\r\n\r\nLekki pistolet do klejenia na gor\u0105co \u2013 gotowy do pracy w 4 minuty\r\n\r\nWk\u0142ady w 12 kolorach: buk, cola, modrzew, d\u0105b, sosna, maho\u0144 (po 2 sztuki)","protected":false},"featured_media":158293,"comment_status":"open","ping_status":"closed","template":"","meta":{"inline_featured_image":false},"product_brand":[],"product_cat":[398],"product_tag":[],"branze":[],"class_list":{"0":"post-158292","1":"product","2":"type-product","3":"status-publish","4":"has-post-thumbnail","6":"product_cat-szpachla-na-goraco","8":"first","9":"instock","10":"shipping-taxable","11":"product-type-simple"},"acf":[],"_links":{"self":[{"href":"https:\/\/betarom-fastening.ro\/hu\/wp-json\/wp\/v2\/product\/158292","targetHints":{"allow":["GET"]}}],"collection":[{"href":"https:\/\/betarom-fastening.ro\/hu\/wp-json\/wp\/v2\/product"}],"about":[{"href":"https:\/\/betarom-fastening.ro\/hu\/wp-json\/wp\/v2\/types\/product"}],"replies":[{"embeddable":true,"href":"https:\/\/betarom-fastening.ro\/hu\/wp-json\/wp\/v2\/comments?post=158292"}],"wp:featuredmedia":[{"embeddable":true,"href":"https:\/\/betarom-fastening.ro\/hu\/wp-json\/wp\/v2\/media\/158293"}],"wp:attachment":[{"href":"https:\/\/betarom-fastening.ro\/hu\/wp-json\/wp\/v2\/media?parent=158292"}],"wp:term":[{"taxonomy":"product_brand","embeddable":true,"href":"https:\/\/betarom-fastening.ro\/hu\/wp-json\/wp\/v2\/product_brand?post=158292"},{"taxonomy":"product_cat","embeddable":true,"href":"https:\/\/betarom-fastening.ro\/hu\/wp-json\/wp\/v2\/product_cat?post=158292"},{"taxonomy":"product_tag","embeddable":true,"href":"https:\/\/betarom-fastening.ro\/hu\/wp-json\/wp\/v2\/product_tag?post=158292"},{"taxonomy":"branze","embeddable":true,"href":"https:\/\/betarom-fastening.ro\/hu\/wp-json\/wp\/v2\/branze?post=158292"}],"curies":[{"name":"munkaf\u00fczet","href":"https:\/\/api.w.org\/{rel}","templated":true}]}}