{"id":158281,"date":"2026-03-02T13:06:55","date_gmt":"2026-03-02T13:06:55","guid":{"rendered":"https:\/\/betarom-fastening.ro\/?post_type=product&#038;p=158281"},"modified":"2026-03-02T13:09:09","modified_gmt":"2026-03-02T13:09:09","slug":"tec-806-12-ragasztopisztoly-tec-806k-12","status":"publish","type":"product","link":"https:\/\/betarom-fastening.ro\/hu\/produkt\/pistolet-klejowy-tec-806-12-tec-806k-12\/","title":{"rendered":"TEC 806-12 ragaszt\u00f3pisztoly; TEC 806k-12"},"content":{"rendered":"","protected":false},"excerpt":{"rendered":"Przemys\u0142owy, wysokiej klasy, lekki pistolet do klej\u00f3w topliwych \u2013 wk\u0142ady 12 mm.\r\nPolecany do d\u0142ugotrwa\u0142ej pracy i dozowaniu jednorazowo stosunkowo niewielkich ilo\u015bci kleju.\r\n\r\nZamykanie opakowa\u0144 tekturowych, wiele r\u00f3\u017cnych prac monta\u017cowych w wielu ga\u0142\u0119ziach przemys\u0142u a tak\u017ce budownictwie i wystawiennictwie.\r\n\r\nSpecjalne wykonanie TEC 806k-12 dedykowane jest do dozowania (szpachli na gor\u0105co) &#8211; klej\u00f3w knot-tec, pistolet posiada ograniczenie mocy grzania w celu zapobiegania tworzenia piany (b\u0105belk\u00f3w powietrza) kleju, niepo\u017c\u0105danych przy zalewaniu ubytk\u00f3w w drewnie.","protected":false},"featured_media":158282,"comment_status":"open","ping_status":"closed","template":"","meta":{"inline_featured_image":false},"product_brand":[],"product_cat":[410],"product_tag":[],"branze":[],"class_list":{"0":"post-158281","1":"product","2":"type-product","3":"status-publish","4":"has-post-thumbnail","6":"product_cat-pistolety-do-wkladow-o12-mm","8":"first","9":"instock","10":"shipping-taxable","11":"product-type-simple"},"acf":[],"_links":{"self":[{"href":"https:\/\/betarom-fastening.ro\/hu\/wp-json\/wp\/v2\/product\/158281","targetHints":{"allow":["GET"]}}],"collection":[{"href":"https:\/\/betarom-fastening.ro\/hu\/wp-json\/wp\/v2\/product"}],"about":[{"href":"https:\/\/betarom-fastening.ro\/hu\/wp-json\/wp\/v2\/types\/product"}],"replies":[{"embeddable":true,"href":"https:\/\/betarom-fastening.ro\/hu\/wp-json\/wp\/v2\/comments?post=158281"}],"wp:featuredmedia":[{"embeddable":true,"href":"https:\/\/betarom-fastening.ro\/hu\/wp-json\/wp\/v2\/media\/158282"}],"wp:attachment":[{"href":"https:\/\/betarom-fastening.ro\/hu\/wp-json\/wp\/v2\/media?parent=158281"}],"wp:term":[{"taxonomy":"product_brand","embeddable":true,"href":"https:\/\/betarom-fastening.ro\/hu\/wp-json\/wp\/v2\/product_brand?post=158281"},{"taxonomy":"product_cat","embeddable":true,"href":"https:\/\/betarom-fastening.ro\/hu\/wp-json\/wp\/v2\/product_cat?post=158281"},{"taxonomy":"product_tag","embeddable":true,"href":"https:\/\/betarom-fastening.ro\/hu\/wp-json\/wp\/v2\/product_tag?post=158281"},{"taxonomy":"branze","embeddable":true,"href":"https:\/\/betarom-fastening.ro\/hu\/wp-json\/wp\/v2\/branze?post=158281"}],"curies":[{"name":"munkaf\u00fczet","href":"https:\/\/api.w.org\/{rel}","templated":true}]}}