{"id":158232,"date":"2026-02-05T17:48:31","date_gmt":"2026-02-05T17:48:31","guid":{"rendered":"https:\/\/betarom-fastening.ro\/?post_type=product&#038;p=158232"},"modified":"2026-02-05T17:48:31","modified_gmt":"2026-02-05T17:48:31","slug":"bizon-aku-53-10-konnyu-akkus-tuzogep","status":"publish","type":"product","link":"https:\/\/betarom-fastening.ro\/hu\/produkt\/lekki-zszywacz-akumulatorowy-bizon-aku-53-10\/","title":{"rendered":"K\u00f6nny\u0171, akkus t\u0171z\u0151g\u00e9p BIZON AKU 53\/10"},"content":{"rendered":"","protected":false},"excerpt":{"rendered":"\u0141atwe metkowanie wyrob\u00f3w do ogrodu,\r\nmocowanie zszywk\u0105 bez wysi\u0142ku","protected":false},"featured_media":158233,"comment_status":"open","ping_status":"closed","template":"","meta":{"inline_featured_image":false},"product_brand":[],"product_cat":[427],"product_tag":[],"branze":[],"class_list":{"0":"post-158232","1":"product","2":"type-product","3":"status-publish","4":"has-post-thumbnail","6":"product_cat-narzedzia-akumulatorowe","8":"first","9":"instock","10":"shipping-taxable","11":"product-type-simple"},"acf":[],"_links":{"self":[{"href":"https:\/\/betarom-fastening.ro\/hu\/wp-json\/wp\/v2\/product\/158232","targetHints":{"allow":["GET"]}}],"collection":[{"href":"https:\/\/betarom-fastening.ro\/hu\/wp-json\/wp\/v2\/product"}],"about":[{"href":"https:\/\/betarom-fastening.ro\/hu\/wp-json\/wp\/v2\/types\/product"}],"replies":[{"embeddable":true,"href":"https:\/\/betarom-fastening.ro\/hu\/wp-json\/wp\/v2\/comments?post=158232"}],"wp:featuredmedia":[{"embeddable":true,"href":"https:\/\/betarom-fastening.ro\/hu\/wp-json\/wp\/v2\/media\/158233"}],"wp:attachment":[{"href":"https:\/\/betarom-fastening.ro\/hu\/wp-json\/wp\/v2\/media?parent=158232"}],"wp:term":[{"taxonomy":"product_brand","embeddable":true,"href":"https:\/\/betarom-fastening.ro\/hu\/wp-json\/wp\/v2\/product_brand?post=158232"},{"taxonomy":"product_cat","embeddable":true,"href":"https:\/\/betarom-fastening.ro\/hu\/wp-json\/wp\/v2\/product_cat?post=158232"},{"taxonomy":"product_tag","embeddable":true,"href":"https:\/\/betarom-fastening.ro\/hu\/wp-json\/wp\/v2\/product_tag?post=158232"},{"taxonomy":"branze","embeddable":true,"href":"https:\/\/betarom-fastening.ro\/hu\/wp-json\/wp\/v2\/branze?post=158232"}],"curies":[{"name":"munkaf\u00fczet","href":"https:\/\/api.w.org\/{rel}","templated":true}]}}