{"id":158184,"date":"2026-01-20T16:12:13","date_gmt":"2026-01-20T16:12:13","guid":{"rendered":"https:\/\/betarom-fastening.ro\/?post_type=product&#038;p=158184"},"modified":"2026-01-20T16:12:14","modified_gmt":"2026-01-20T16:12:14","slug":"karpitozott-ov-eros-2-es-valtozat","status":"publish","type":"product","link":"https:\/\/betarom-fastening.ro\/hu\/produkt\/pas-tapicerski-wersja-strong-2\/","title":{"rendered":"K\u00e1rpit\u00f6ves \u00f6v, er\u0151s v\u00e1ltozat"},"content":{"rendered":"","protected":false},"excerpt":{"rendered":"A BizeA biztons\u00e1gi \u00f6vek garant\u00e1lj\u00e1k a k\u00e9nyelmes haszn\u00e1latot \u00e9s a k\u00e9szterm\u00e9kek hossz\u00fa \u00e9lettartam\u00e1t","protected":false},"featured_media":158185,"comment_status":"open","ping_status":"closed","template":"","meta":{"inline_featured_image":false},"product_brand":[],"product_cat":[425],"product_tag":[],"branze":[],"class_list":{"0":"post-158184","1":"product","2":"type-product","3":"status-publish","4":"has-post-thumbnail","6":"product_cat-pasy-rozciagliwe-60","8":"first","9":"instock","10":"shipping-taxable","11":"product-type-simple"},"acf":[],"_links":{"self":[{"href":"https:\/\/betarom-fastening.ro\/hu\/wp-json\/wp\/v2\/product\/158184","targetHints":{"allow":["GET"]}}],"collection":[{"href":"https:\/\/betarom-fastening.ro\/hu\/wp-json\/wp\/v2\/product"}],"about":[{"href":"https:\/\/betarom-fastening.ro\/hu\/wp-json\/wp\/v2\/types\/product"}],"replies":[{"embeddable":true,"href":"https:\/\/betarom-fastening.ro\/hu\/wp-json\/wp\/v2\/comments?post=158184"}],"wp:featuredmedia":[{"embeddable":true,"href":"https:\/\/betarom-fastening.ro\/hu\/wp-json\/wp\/v2\/media\/158185"}],"wp:attachment":[{"href":"https:\/\/betarom-fastening.ro\/hu\/wp-json\/wp\/v2\/media?parent=158184"}],"wp:term":[{"taxonomy":"product_brand","embeddable":true,"href":"https:\/\/betarom-fastening.ro\/hu\/wp-json\/wp\/v2\/product_brand?post=158184"},{"taxonomy":"product_cat","embeddable":true,"href":"https:\/\/betarom-fastening.ro\/hu\/wp-json\/wp\/v2\/product_cat?post=158184"},{"taxonomy":"product_tag","embeddable":true,"href":"https:\/\/betarom-fastening.ro\/hu\/wp-json\/wp\/v2\/product_tag?post=158184"},{"taxonomy":"branze","embeddable":true,"href":"https:\/\/betarom-fastening.ro\/hu\/wp-json\/wp\/v2\/branze?post=158184"}],"curies":[{"name":"munkaf\u00fczet","href":"https:\/\/api.w.org\/{rel}","templated":true}]}}