{"id":1560,"date":"2023-04-25T19:00:55","date_gmt":"2023-04-25T19:00:55","guid":{"rendered":"http:\/\/test.bizea.com.pl\/\/\/\/\/?post_type=product&#038;p=1560"},"modified":"2024-11-14T12:07:32","modified_gmt":"2024-11-14T12:07:32","slug":"bizon-703-dc-szegezo","status":"publish","type":"product","link":"https:\/\/betarom-fastening.ro\/hu\/produkt\/gwozdziarka-bizon-703-dc\/","title":{"rendered":"BIZON 703DC szegez\u0151"},"content":{"rendered":"","protected":false},"excerpt":{"rendered":"Raklapok, fa csomagol\u00f3anyagok, f\u00e1b\u00f3l k\u00e9sz\u00fclt kerti term\u00e9kek \u00e9s \u00e9p\u00fcletszerkezetek gy\u00e1rt\u00e1s\u00e1hoz tervezett szegez\u0151\r\n\r\n<img loading=\"lazy\" decoding=\"async\" width=\"80\" height=\"77\" class=\"alignnone size-full wp-image-3740\" style=\"margin-top: -5px;\" src=\"http:\/\/test.betarom-fastening.ro\/wp-content\/uploads\/2023\/04\/PL_2.png\" alt=\"\" align=\"right\" srcset=\"https:\/\/betarom-fastening.ro\/wp-content\/uploads\/2023\/04\/PL_2.png 80w, https:\/\/betarom-fastening.ro\/wp-content\/uploads\/2023\/04\/PL_2-12x12.png 12w\" sizes=\"auto, (max-width: 80px) 100vw, 80px\" \/>\r\n\r\nArany\u00e9remmel jutalmazt\u00e1k a DREMA2023 v\u00e1s\u00e1ron\r\n<div class=\"wp-block-button\"><a class=\"wp-block-button__link wp-element-button\" href=\"https:\/\/betarom-fastening.ro\/system\/schemat.php?urzadzenie=BIZON 703DC\" target=\"_blank\" rel=\"noopener\">Rendeljen alkatr\u00e9szt<\/a><\/div>","protected":false},"featured_media":3800,"comment_status":"open","ping_status":"closed","template":"","meta":{"inline_featured_image":false},"product_brand":[],"product_cat":[359],"product_tag":[],"branze":[],"class_list":{"0":"post-1560","1":"product","2":"type-product","3":"status-publish","4":"has-post-thumbnail","6":"product_cat-gwozdziarki_","8":"first","9":"instock","10":"shipping-taxable","11":"product-type-simple"},"acf":[],"_links":{"self":[{"href":"https:\/\/betarom-fastening.ro\/hu\/wp-json\/wp\/v2\/product\/1560","targetHints":{"allow":["GET"]}}],"collection":[{"href":"https:\/\/betarom-fastening.ro\/hu\/wp-json\/wp\/v2\/product"}],"about":[{"href":"https:\/\/betarom-fastening.ro\/hu\/wp-json\/wp\/v2\/types\/product"}],"replies":[{"embeddable":true,"href":"https:\/\/betarom-fastening.ro\/hu\/wp-json\/wp\/v2\/comments?post=1560"}],"wp:featuredmedia":[{"embeddable":true,"href":"https:\/\/betarom-fastening.ro\/hu\/wp-json\/wp\/v2\/media\/3800"}],"wp:attachment":[{"href":"https:\/\/betarom-fastening.ro\/hu\/wp-json\/wp\/v2\/media?parent=1560"}],"wp:term":[{"taxonomy":"product_brand","embeddable":true,"href":"https:\/\/betarom-fastening.ro\/hu\/wp-json\/wp\/v2\/product_brand?post=1560"},{"taxonomy":"product_cat","embeddable":true,"href":"https:\/\/betarom-fastening.ro\/hu\/wp-json\/wp\/v2\/product_cat?post=1560"},{"taxonomy":"product_tag","embeddable":true,"href":"https:\/\/betarom-fastening.ro\/hu\/wp-json\/wp\/v2\/product_tag?post=1560"},{"taxonomy":"branze","embeddable":true,"href":"https:\/\/betarom-fastening.ro\/hu\/wp-json\/wp\/v2\/branze?post=1560"}],"curies":[{"name":"munkaf\u00fczet","href":"https:\/\/api.w.org\/{rel}","templated":true}]}}