{"id":1553,"date":"2023-04-25T19:00:53","date_gmt":"2023-04-25T19:00:53","guid":{"rendered":"http:\/\/test.bizea.com.pl\/\/\/\/\/?post_type=product&#038;p=1553"},"modified":"2024-06-21T11:17:01","modified_gmt":"2024-06-21T11:17:01","slug":"papirbol-levalogatott-szogek-d34","status":"publish","type":"product","link":"https:\/\/betarom-fastening.ro\/hu\/produkt\/gwozdzie-laczone-papierem-d34\/","title":{"rendered":"Pap\u00edrk\u00f6t\u00e9s\u0171 sz\u00f6gek \u2013 D34"},"content":{"rendered":"","protected":false},"excerpt":{"rendered":"A sz\u00f6gek lapos csomagokba k\u00f6tve pap\u00edrral, pneumatikus szersz\u00e1mok seg\u00edts\u00e9g\u00e9vel. A 34 fokos t\u00e1rsz\u00f6g k\u00e9nyelmes hozz\u00e1f\u00e9r\u00e9st tesz lehet\u0151v\u00e9 a v\u00e1zszerkezetek sarkaiba val\u00f3 behajt\u00e1shoz. F\u0151leg rakom\u00e1nydobozok \u00e9p\u00edt\u00e9s\u00e9n\u00e9l \u00e9s \u00f6sszeszerel\u00e9s\u00e9n\u00e9l haszn\u00e1lj\u00e1k.","protected":false},"featured_media":5339,"comment_status":"open","ping_status":"closed","template":"","meta":{"inline_featured_image":false},"product_brand":[],"product_cat":[333],"product_tag":[],"branze":[],"class_list":{"0":"post-1553","1":"product","2":"type-product","3":"status-publish","4":"has-post-thumbnail","6":"product_cat-gwozdzie-laczone-papierem-d34","8":"first","9":"instock","10":"shipping-taxable","11":"product-type-simple"},"acf":[],"_links":{"self":[{"href":"https:\/\/betarom-fastening.ro\/hu\/wp-json\/wp\/v2\/product\/1553","targetHints":{"allow":["GET"]}}],"collection":[{"href":"https:\/\/betarom-fastening.ro\/hu\/wp-json\/wp\/v2\/product"}],"about":[{"href":"https:\/\/betarom-fastening.ro\/hu\/wp-json\/wp\/v2\/types\/product"}],"replies":[{"embeddable":true,"href":"https:\/\/betarom-fastening.ro\/hu\/wp-json\/wp\/v2\/comments?post=1553"}],"wp:featuredmedia":[{"embeddable":true,"href":"https:\/\/betarom-fastening.ro\/hu\/wp-json\/wp\/v2\/media\/5339"}],"wp:attachment":[{"href":"https:\/\/betarom-fastening.ro\/hu\/wp-json\/wp\/v2\/media?parent=1553"}],"wp:term":[{"taxonomy":"product_brand","embeddable":true,"href":"https:\/\/betarom-fastening.ro\/hu\/wp-json\/wp\/v2\/product_brand?post=1553"},{"taxonomy":"product_cat","embeddable":true,"href":"https:\/\/betarom-fastening.ro\/hu\/wp-json\/wp\/v2\/product_cat?post=1553"},{"taxonomy":"product_tag","embeddable":true,"href":"https:\/\/betarom-fastening.ro\/hu\/wp-json\/wp\/v2\/product_tag?post=1553"},{"taxonomy":"branze","embeddable":true,"href":"https:\/\/betarom-fastening.ro\/hu\/wp-json\/wp\/v2\/branze?post=1553"}],"curies":[{"name":"munkaf\u00fczet","href":"https:\/\/api.w.org\/{rel}","templated":true}]}}