{"id":1552,"date":"2023-04-25T19:00:52","date_gmt":"2023-04-25T19:00:52","guid":{"rendered":"http:\/\/test.bizea.com.pl\/\/\/\/\/?post_type=product&#038;p=1552"},"modified":"2024-06-21T11:16:33","modified_gmt":"2024-06-21T11:16:33","slug":"muanyag-bevonatu-kormok-r20","status":"publish","type":"product","link":"https:\/\/betarom-fastening.ro\/hu\/produkt\/gwozdzie-laczone-plastikiem-r20\/","title":{"rendered":"M\u0171anyag k\u00f6t\u00e9s\u0171 sz\u00f6gek \u2013 R20"},"content":{"rendered":"","protected":false},"excerpt":{"rendered":"Lapos m\u0171anyag csomagol\u00e1sba szerelt sz\u00f6gek pneumatikus szersz\u00e1mokkal t\u00f6rt\u00e9n\u0151 behajt\u00e1shoz. A 21 fokos t\u00e1rsz\u00f6g k\u00e9nyelmes hozz\u00e1f\u00e9r\u00e9st tesz lehet\u0151v\u00e9 a v\u00e1zszerkezetek sarkaiba val\u00f3 behajt\u00e1shoz. F\u0151leg rakom\u00e1nydobozok \u00e9p\u00edt\u00e9s\u00e9n\u00e9l \u00e9s \u00f6sszeszerel\u00e9s\u00e9n\u00e9l haszn\u00e1lj\u00e1k.","protected":false},"featured_media":5338,"comment_status":"open","ping_status":"closed","template":"","meta":{"inline_featured_image":false},"product_brand":[],"product_cat":[331],"product_tag":[],"branze":[],"class_list":{"0":"post-1552","1":"product","2":"type-product","3":"status-publish","4":"has-post-thumbnail","6":"product_cat-gwozdzie-laczone-plastikiem-r20","8":"first","9":"instock","10":"shipping-taxable","11":"product-type-simple"},"acf":[],"_links":{"self":[{"href":"https:\/\/betarom-fastening.ro\/hu\/wp-json\/wp\/v2\/product\/1552","targetHints":{"allow":["GET"]}}],"collection":[{"href":"https:\/\/betarom-fastening.ro\/hu\/wp-json\/wp\/v2\/product"}],"about":[{"href":"https:\/\/betarom-fastening.ro\/hu\/wp-json\/wp\/v2\/types\/product"}],"replies":[{"embeddable":true,"href":"https:\/\/betarom-fastening.ro\/hu\/wp-json\/wp\/v2\/comments?post=1552"}],"wp:featuredmedia":[{"embeddable":true,"href":"https:\/\/betarom-fastening.ro\/hu\/wp-json\/wp\/v2\/media\/5338"}],"wp:attachment":[{"href":"https:\/\/betarom-fastening.ro\/hu\/wp-json\/wp\/v2\/media?parent=1552"}],"wp:term":[{"taxonomy":"product_brand","embeddable":true,"href":"https:\/\/betarom-fastening.ro\/hu\/wp-json\/wp\/v2\/product_brand?post=1552"},{"taxonomy":"product_cat","embeddable":true,"href":"https:\/\/betarom-fastening.ro\/hu\/wp-json\/wp\/v2\/product_cat?post=1552"},{"taxonomy":"product_tag","embeddable":true,"href":"https:\/\/betarom-fastening.ro\/hu\/wp-json\/wp\/v2\/product_tag?post=1552"},{"taxonomy":"branze","embeddable":true,"href":"https:\/\/betarom-fastening.ro\/hu\/wp-json\/wp\/v2\/branze?post=1552"}],"curies":[{"name":"munkaf\u00fczet","href":"https:\/\/api.w.org\/{rel}","templated":true}]}}