{"id":1493,"date":"2023-04-25T18:59:57","date_gmt":"2023-04-25T18:59:57","guid":{"rendered":"http:\/\/test.bizea.com.pl\/\/\/\/\/?post_type=product&#038;p=1493"},"modified":"2024-11-14T10:02:11","modified_gmt":"2024-11-14T10:02:11","slug":"bea-tuzogep-95-16-418","status":"publish","type":"product","link":"https:\/\/betarom-fastening.ro\/hu\/produkt\/zszywacz-bea-95-16-418\/","title":{"rendered":"BeA 95\/16-418 t\u0171z\u0151g\u00e9p"},"content":{"rendered":"","protected":false},"excerpt":{"rendered":"Pneumatikus t\u0171z\u0151g\u00e9p csomagol\u00f3anyagok \u00e9s k\u00e1rpitok gy\u00e1rt\u00e1s\u00e1hoz. K\u00fcl\u00f6n\u00f6sen aj\u00e1nlott f\u00f3lia vagy pap\u00edr r\u00f6gz\u00edt\u00e9s\u00e9re fa csomagol\u00f3anyagok gy\u00e1rt\u00e1s\u00e1n\u00e1l, tet\u0151fed\u0151 munk\u00e1kn\u00e1l, dekor\u00e1ci\u00f3k k\u00e9sz\u00edt\u00e9s\u00e9ben\r\n\r\n<div class=\"wp-block-button\"><a class=\"wp-block-button__link wp-element-button\" target=\"_blank\" href=\"https:\/\/betarom-fastening.ro\/system\/schemat.php?urzadzenie=95x16-418\" rel=\"noopener\">Rendeljen alkatr\u00e9szt<\/a><\/div>","protected":false},"featured_media":1051,"comment_status":"open","ping_status":"closed","template":"","meta":{"inline_featured_image":false},"product_brand":[],"product_cat":[358],"product_tag":[],"branze":[],"class_list":{"0":"post-1493","1":"product","2":"type-product","3":"status-publish","4":"has-post-thumbnail","6":"product_cat-zszywacze_","8":"first","9":"instock","10":"shipping-taxable","11":"product-type-simple"},"acf":[],"_links":{"self":[{"href":"https:\/\/betarom-fastening.ro\/hu\/wp-json\/wp\/v2\/product\/1493","targetHints":{"allow":["GET"]}}],"collection":[{"href":"https:\/\/betarom-fastening.ro\/hu\/wp-json\/wp\/v2\/product"}],"about":[{"href":"https:\/\/betarom-fastening.ro\/hu\/wp-json\/wp\/v2\/types\/product"}],"replies":[{"embeddable":true,"href":"https:\/\/betarom-fastening.ro\/hu\/wp-json\/wp\/v2\/comments?post=1493"}],"wp:featuredmedia":[{"embeddable":true,"href":"https:\/\/betarom-fastening.ro\/hu\/wp-json\/wp\/v2\/media\/1051"}],"wp:attachment":[{"href":"https:\/\/betarom-fastening.ro\/hu\/wp-json\/wp\/v2\/media?parent=1493"}],"wp:term":[{"taxonomy":"product_brand","embeddable":true,"href":"https:\/\/betarom-fastening.ro\/hu\/wp-json\/wp\/v2\/product_brand?post=1493"},{"taxonomy":"product_cat","embeddable":true,"href":"https:\/\/betarom-fastening.ro\/hu\/wp-json\/wp\/v2\/product_cat?post=1493"},{"taxonomy":"product_tag","embeddable":true,"href":"https:\/\/betarom-fastening.ro\/hu\/wp-json\/wp\/v2\/product_tag?post=1493"},{"taxonomy":"branze","embeddable":true,"href":"https:\/\/betarom-fastening.ro\/hu\/wp-json\/wp\/v2\/branze?post=1493"}],"curies":[{"name":"munkaf\u00fczet","href":"https:\/\/api.w.org\/{rel}","templated":true}]}}