{"id":1484,"date":"2023-04-25T18:59:54","date_gmt":"2023-04-25T18:59:54","guid":{"rendered":"http:\/\/test.bizea.com.pl\/\/\/\/\/?post_type=product&#038;p=1484"},"modified":"2024-11-14T12:00:05","modified_gmt":"2024-11-14T12:00:05","slug":"boleny-tuzogep-71-16-b45a","status":"publish","type":"product","link":"https:\/\/betarom-fastening.ro\/hu\/produkt\/zszywacz-bizon-71-16-b45a\/","title":{"rendered":"BIZON 71\/16-B45A t\u0171z\u0151g\u00e9p"},"content":{"rendered":"","protected":false},"excerpt":{"rendered":"K\u00e1rpitt\u0171z\u0151 automatikus szeleppel a k\u00e1rpitos intenz\u00edv, gyors munk\u00e1j\u00e1hoz, ak\u00e1r 27 l\u00f6v\u00e9s\/m\u00e1sodperc sebess\u00e9g\u0171 t\u0171z\u0151sorozattal\r\n\r\n<div class=\"wp-block-button\"><a class=\"wp-block-button__link wp-element-button\" target=\"_blank\" href=\"https:\/\/betarom-fastening.ro\/system\/schemat.php?urzadzenie=BIZON 71x16-B45A\" rel=\"noopener\">Rendeljen alkatr\u00e9szt<\/a><\/div>","protected":false},"featured_media":1033,"comment_status":"open","ping_status":"closed","template":"","meta":{"inline_featured_image":false},"product_brand":[],"product_cat":[358],"product_tag":[],"branze":[],"class_list":{"0":"post-1484","1":"product","2":"type-product","3":"status-publish","4":"has-post-thumbnail","6":"product_cat-zszywacze_","8":"first","9":"instock","10":"shipping-taxable","11":"product-type-simple"},"acf":[],"_links":{"self":[{"href":"https:\/\/betarom-fastening.ro\/hu\/wp-json\/wp\/v2\/product\/1484","targetHints":{"allow":["GET"]}}],"collection":[{"href":"https:\/\/betarom-fastening.ro\/hu\/wp-json\/wp\/v2\/product"}],"about":[{"href":"https:\/\/betarom-fastening.ro\/hu\/wp-json\/wp\/v2\/types\/product"}],"replies":[{"embeddable":true,"href":"https:\/\/betarom-fastening.ro\/hu\/wp-json\/wp\/v2\/comments?post=1484"}],"wp:featuredmedia":[{"embeddable":true,"href":"https:\/\/betarom-fastening.ro\/hu\/wp-json\/wp\/v2\/media\/1033"}],"wp:attachment":[{"href":"https:\/\/betarom-fastening.ro\/hu\/wp-json\/wp\/v2\/media?parent=1484"}],"wp:term":[{"taxonomy":"product_brand","embeddable":true,"href":"https:\/\/betarom-fastening.ro\/hu\/wp-json\/wp\/v2\/product_brand?post=1484"},{"taxonomy":"product_cat","embeddable":true,"href":"https:\/\/betarom-fastening.ro\/hu\/wp-json\/wp\/v2\/product_cat?post=1484"},{"taxonomy":"product_tag","embeddable":true,"href":"https:\/\/betarom-fastening.ro\/hu\/wp-json\/wp\/v2\/product_tag?post=1484"},{"taxonomy":"branze","embeddable":true,"href":"https:\/\/betarom-fastening.ro\/hu\/wp-json\/wp\/v2\/branze?post=1484"}],"curies":[{"name":"munkaf\u00fczet","href":"https:\/\/api.w.org\/{rel}","templated":true}]}}