{"id":1466,"date":"2023-04-25T18:59:35","date_gmt":"2023-04-25T18:59:35","guid":{"rendered":"http:\/\/test.bizea.com.pl\/\/\/\/\/?post_type=product&#038;p=1466"},"modified":"2024-06-21T12:20:26","modified_gmt":"2024-06-21T12:20:26","slug":"246-os-tipusu-falszigeteles-rogzitesere-szolgalo-kapcsok","status":"publish","type":"product","link":"https:\/\/betarom-fastening.ro\/hu\/produkt\/zszywki-do-mocowania-ocieplen-scian-typ-246\/","title":{"rendered":"Kapcsok falszigetel\u00e9s r\u00f6gz\u00edt\u00e9s\u00e9hez, 246-os t\u00edpus"},"content":{"rendered":"","protected":false},"excerpt":{"rendered":"Zszywki budowlane, wykorzystywane g\u0142\u00f3wnie przy monta\u017cu p\u0142yt ocieplenia \u015bcian dom\u00f3w w konstrukcji szkieletu drewnianego.\r\n\r\nZszywki s\u0105 cz\u0119\u015bciowo wbijane w p\u0142yty OSB lub drewno, pozosta\u0142a cz\u0119\u015b\u0107 znajduje si\u0119 w mi\u0119kkiej p\u0142ycie lub we\u0142nie mineralnej. Szeroki grzbiet u\u0142atwia dobre trzymanie.","protected":false},"featured_media":5357,"comment_status":"open","ping_status":"closed","template":"","meta":{"inline_featured_image":false},"product_brand":[],"product_cat":[26],"product_tag":[],"branze":[],"class_list":{"0":"post-1466","1":"product","2":"type-product","3":"status-publish","4":"has-post-thumbnail","6":"product_cat-zszywki-zszywacze","8":"first","9":"instock","10":"shipping-taxable","11":"product-type-simple"},"acf":[],"_links":{"self":[{"href":"https:\/\/betarom-fastening.ro\/hu\/wp-json\/wp\/v2\/product\/1466","targetHints":{"allow":["GET"]}}],"collection":[{"href":"https:\/\/betarom-fastening.ro\/hu\/wp-json\/wp\/v2\/product"}],"about":[{"href":"https:\/\/betarom-fastening.ro\/hu\/wp-json\/wp\/v2\/types\/product"}],"replies":[{"embeddable":true,"href":"https:\/\/betarom-fastening.ro\/hu\/wp-json\/wp\/v2\/comments?post=1466"}],"wp:featuredmedia":[{"embeddable":true,"href":"https:\/\/betarom-fastening.ro\/hu\/wp-json\/wp\/v2\/media\/5357"}],"wp:attachment":[{"href":"https:\/\/betarom-fastening.ro\/hu\/wp-json\/wp\/v2\/media?parent=1466"}],"wp:term":[{"taxonomy":"product_brand","embeddable":true,"href":"https:\/\/betarom-fastening.ro\/hu\/wp-json\/wp\/v2\/product_brand?post=1466"},{"taxonomy":"product_cat","embeddable":true,"href":"https:\/\/betarom-fastening.ro\/hu\/wp-json\/wp\/v2\/product_cat?post=1466"},{"taxonomy":"product_tag","embeddable":true,"href":"https:\/\/betarom-fastening.ro\/hu\/wp-json\/wp\/v2\/product_tag?post=1466"},{"taxonomy":"branze","embeddable":true,"href":"https:\/\/betarom-fastening.ro\/hu\/wp-json\/wp\/v2\/branze?post=1466"}],"curies":[{"name":"munkaf\u00fczet","href":"https:\/\/api.w.org\/{rel}","templated":true}]}}