{"id":1464,"date":"2023-04-25T18:59:34","date_gmt":"2023-04-25T18:59:34","guid":{"rendered":"http:\/\/test.bizea.com.pl\/\/\/\/\/?post_type=product&#038;p=1464"},"modified":"2024-06-21T11:06:56","modified_gmt":"2024-06-21T11:06:56","slug":"140-es-tipusu-acskapcsok","status":"publish","type":"product","link":"https:\/\/betarom-fastening.ro\/hu\/produkt\/zszywki-stolarskie-typ-140\/","title":{"rendered":"140-es t\u00edpus\u00fa \u00e1cskapcsok"},"content":{"rendered":"","protected":false},"excerpt":{"rendered":"Asztalosipari \u00e9s \u00e9p\u00fcletszerkezeti kapcsok, valamint fa- \u00e9s kartoncsomagol\u00e1sok \u00e9s raklapok gy\u00e1rt\u00e1s\u00e1hoz. T\u00f6k\u00e9letesek b\u00fatorok \u00e9s v\u00e1zszerkezetek el\u00fcls\u0151 csatlakoz\u00e1saihoz. Alum\u00ednium kivitelben fa vagy fa alap\u00fa panelek feldolgoz\u00e1s\u00e1hoz sz\u00fcks\u00e9ges technol\u00f3giai csatlakoz\u00e1sokhoz. Megfelel\u00e9s a PN-EN 14592 (EC 5) szabv\u00e1nynak a faszerkezetekre vonatkoz\u00f3an.","protected":false},"featured_media":5327,"comment_status":"open","ping_status":"closed","template":"","meta":{"inline_featured_image":false},"product_brand":[],"product_cat":[26],"product_tag":[],"branze":[],"class_list":{"0":"post-1464","1":"product","2":"type-product","3":"status-publish","4":"has-post-thumbnail","6":"product_cat-zszywki-zszywacze","8":"first","9":"instock","10":"shipping-taxable","11":"product-type-simple"},"acf":[],"_links":{"self":[{"href":"https:\/\/betarom-fastening.ro\/hu\/wp-json\/wp\/v2\/product\/1464","targetHints":{"allow":["GET"]}}],"collection":[{"href":"https:\/\/betarom-fastening.ro\/hu\/wp-json\/wp\/v2\/product"}],"about":[{"href":"https:\/\/betarom-fastening.ro\/hu\/wp-json\/wp\/v2\/types\/product"}],"replies":[{"embeddable":true,"href":"https:\/\/betarom-fastening.ro\/hu\/wp-json\/wp\/v2\/comments?post=1464"}],"wp:featuredmedia":[{"embeddable":true,"href":"https:\/\/betarom-fastening.ro\/hu\/wp-json\/wp\/v2\/media\/5327"}],"wp:attachment":[{"href":"https:\/\/betarom-fastening.ro\/hu\/wp-json\/wp\/v2\/media?parent=1464"}],"wp:term":[{"taxonomy":"product_brand","embeddable":true,"href":"https:\/\/betarom-fastening.ro\/hu\/wp-json\/wp\/v2\/product_brand?post=1464"},{"taxonomy":"product_cat","embeddable":true,"href":"https:\/\/betarom-fastening.ro\/hu\/wp-json\/wp\/v2\/product_cat?post=1464"},{"taxonomy":"product_tag","embeddable":true,"href":"https:\/\/betarom-fastening.ro\/hu\/wp-json\/wp\/v2\/product_tag?post=1464"},{"taxonomy":"branze","embeddable":true,"href":"https:\/\/betarom-fastening.ro\/hu\/wp-json\/wp\/v2\/branze?post=1464"}],"curies":[{"name":"munkaf\u00fczet","href":"https:\/\/api.w.org\/{rel}","templated":true}]}}